{"id":9069,"date":"2023-11-22T12:49:53","date_gmt":"2023-11-22T11:49:53","guid":{"rendered":"https:\/\/dev.29forward.com\/dane-firmy"},"modified":"2024-09-06T18:20:59","modified_gmt":"2024-09-06T16:20:59","slug":"dane-firmy","status":"publish","type":"page","link":"https:\/\/29forward.com\/pl\/dane-firmy","title":{"rendered":"Dane firmy"},"content":{"rendered":"\t\t<div data-elementor-type=\"wp-page\" data-elementor-id=\"9069\" class=\"elementor elementor-9069 elementor-2796\" data-elementor-post-type=\"page\">\n\t\t\t\t<div class=\"elementor-element elementor-element-290f00c e-con-full e-flex e-con e-parent\" data-id=\"290f00c\" data-element_type=\"container\" data-e-type=\"container\" id=\"top\">\n\t\t\t\t<div class=\"elementor-element elementor-element-5bb1efe elementor-widget elementor-widget-image\" data-id=\"5bb1efe\" data-element_type=\"widget\" data-e-type=\"widget\" data-widget_type=\"image.default\">\n\t\t\t\t<div class=\"elementor-widget-container\">\n\t\t\t\t\t\t\t\t\t\t\t\t\t\t\t<img decoding=\"async\" width=\"800\" height=\"1\" src=\"https:\/\/29forward.com\/wp-content\/uploads\/2023\/11\/line-grey.svg\" class=\"attachment-large size-large wp-image-7210\" alt=\"Graue Linie\" \/>\t\t\t\t\t\t\t\t\t\t\t\t\t\t\t<\/div>\n\t\t\t\t<\/div>\n\t\t\t\t<div class=\"elementor-element elementor-element-a9721f4 elementor-align-right elementor-widget elementor-widget-breadcrumbs\" data-id=\"a9721f4\" data-element_type=\"widget\" data-e-type=\"widget\" data-widget_type=\"breadcrumbs.default\">\n\t\t\t\t<div class=\"elementor-widget-container\">\n\t\t\t\t\t<p id=\"breadcrumbs\"><span><span><a href=\"https:\/\/29forward.com\/pl\/startseite\">Home<\/a><\/span><\/span><\/p>\t\t\t\t<\/div>\n\t\t\t\t<\/div>\n\t\t\t\t<div class=\"elementor-element elementor-element-2d6d657 elementor-widget elementor-widget-text-editor\" data-id=\"2d6d657\" data-element_type=\"widget\" data-e-type=\"widget\" data-widget_type=\"text-editor.default\">\n\t\t\t\t<div class=\"elementor-widget-container\">\n\t\t\t\t\t\t\t\t\t<h1>Dane firmy<\/h1>\n\t\t\t\t\t\t\t\t<\/div>\n\t\t\t\t<\/div>\n\t\t\t\t<div class=\"elementor-element elementor-element-70ff3d9 elementor-widget elementor-widget-text-editor\" data-id=\"70ff3d9\" data-element_type=\"widget\" data-e-type=\"widget\" data-widget_type=\"text-editor.default\">\n\t\t\t\t<div class=\"elementor-widget-container\">\n\t\t\t\t\t\t\t\t\t<h3>Nota prawna<\/h3>\n\t\t\t\t\t\t\t\t<\/div>\n\t\t\t\t<\/div>\n\t\t\t\t<div class=\"elementor-element elementor-element-68ed83e elementor-widget elementor-widget-text-editor\" data-id=\"68ed83e\" data-element_type=\"widget\" data-e-type=\"widget\" data-widget_type=\"text-editor.default\">\n\t\t\t\t<div class=\"elementor-widget-container\">\n\t\t\t\t\t\t\t\t\t<p>Wszystkie informacje, dane, dokumenty i podobne informacje (tre\u015bci) na tej stronie podlegaj\u0105 nast\u0119puj\u0105cym przepisom: Informacje zgodnie z ustaw\u0105 o telemediach TMG.<\/p>\n<p>T<span style=\"font-weight: bolder;\">re\u015b\u0107 redakcyjna:<\/span><br \/>29FORWARD GmbH<br \/>Carl-Zeiss-Ring 15a<br \/>85737 Ismaning<\/p>\n<p><a href=\"tel:004989206021270\">+49 (0) 89 20 60 21 270<\/a><br \/><a href=\"mailto:info@29forward.com\">info@29forward.com<\/a><\/p>\n<p>Z<strong>arz\u0105d: <\/strong>Bj\u00f6rn Fries, Christian Renneke, Ralf Neufang<strong>S\u0105d<\/strong><strong>rejestrowy:<\/strong> S\u0105d lokalny w Monachium<strong>Numer<\/strong><strong>rejestru:<\/strong> HRB 295939<strong>Numer identyfikacji podatkowej zgodnie z \u00a7 27 a ustawy o podatku <\/strong><strong>od sprzeda\u017cy: <\/strong>DE293188462<\/p>\n<p><strong>Koncepcja i realizacja:<\/strong> <a href=\"https:\/\/www.creneo.com\/\" target=\"_blank\" rel=\"noopener\">CRENEO GmbH \u2013 Neue Kreativit\u00e4t<\/a><\/p>\n\t\t\t\t\t\t\t\t<\/div>\n\t\t\t\t<\/div>\n\t\t\t\t<div class=\"elementor-element elementor-element-17f2598 elementor-widget elementor-widget-n-accordion\" data-id=\"17f2598\" data-element_type=\"widget\" data-e-type=\"widget\" data-settings=\"{&quot;default_state&quot;:&quot;all_collapsed&quot;,&quot;max_items_expended&quot;:&quot;one&quot;,&quot;n_accordion_animation_duration&quot;:{&quot;unit&quot;:&quot;ms&quot;,&quot;size&quot;:400,&quot;sizes&quot;:[]}}\" data-widget_type=\"nested-accordion.default\">\n\t\t\t\t<div class=\"elementor-widget-container\">\n\t\t\t\t\t\t\t<div class=\"e-n-accordion\" aria-label=\"Accordion. Open links with Enter or Space, close with Escape, and navigate with Arrow Keys\">\n\t\t\t\t\t\t<details id=\"e-n-accordion-item-2510\" class=\"e-n-accordion-item\" >\n\t\t\t\t<summary class=\"e-n-accordion-item-title\" data-accordion-index=\"1\" tabindex=\"0\" aria-expanded=\"false\" aria-controls=\"e-n-accordion-item-2510\" >\n\t\t\t\t\t<span class='e-n-accordion-item-title-header'><div class=\"e-n-accordion-item-title-text\"> 1. Odpowiedzialno\u015b\u0107 za tre\u015b\u0107 <\/div><\/span>\n\t\t\t\t\t\t\t<span class='e-n-accordion-item-title-icon'>\n\t\t\t<span class='e-opened' ><svg xmlns=\"http:\/\/www.w3.org\/2000\/svg\" xmlns:xlink=\"http:\/\/www.w3.org\/1999\/xlink\" id=\"Ebene_1\" x=\"0px\" y=\"0px\" viewBox=\"0 0 60 60\" style=\"enable-background:new 0 0 60 60;\" xml:space=\"preserve\"><style type=\"text\/css\">\t.st0{fill:none;}\t.st1{fill:none;stroke:#253544;stroke-width:5;}<\/style><rect x=\"0\" class=\"st0\" width=\"60\" height=\"60\"><\/rect><g>\t<path id=\"Pfad_1140\" class=\"st1\" d=\"M60,29.6H0\"><\/path><\/g><\/svg><\/span>\n\t\t\t<span class='e-closed'><svg xmlns=\"http:\/\/www.w3.org\/2000\/svg\" xmlns:xlink=\"http:\/\/www.w3.org\/1999\/xlink\" id=\"Ebene_1\" x=\"0px\" y=\"0px\" viewBox=\"0 0 60 60\" style=\"enable-background:new 0 0 60 60;\" xml:space=\"preserve\"><style type=\"text\/css\">\t.st0{fill:none;}\t.st1{fill:none;stroke:#253544;stroke-width:5;}<\/style><rect x=\"0\" class=\"st0\" width=\"60\" height=\"60\"><\/rect><g>\t<path id=\"Pfad_1139\" class=\"st1\" d=\"M30.2,0v60\"><\/path>\t<path id=\"Pfad_1140\" class=\"st1\" d=\"M60,29.6H0\"><\/path><\/g><\/svg><\/span>\n\t\t<\/span>\n\n\t\t\t\t\t\t<\/summary>\n\t\t\t\t<div role=\"region\" aria-labelledby=\"e-n-accordion-item-2510\" class=\"elementor-element elementor-element-ab2d63b e-con-full e-flex e-con e-child\" data-id=\"ab2d63b\" data-element_type=\"container\" data-e-type=\"container\">\n\t\t\t\t<div class=\"elementor-element elementor-element-8b666a6 elementor-widget elementor-widget-text-editor\" data-id=\"8b666a6\" data-element_type=\"widget\" data-e-type=\"widget\" data-widget_type=\"text-editor.default\">\n\t\t\t\t<div class=\"elementor-widget-container\">\n\t\t\t\t\t\t\t\t\t<p>Tre\u015b\u0107 naszej strony internetowej zosta\u0142a starannie opracowana i sprawdzona zgodnie z nasz\u0105 najlepsz\u0105 wiedz\u0105 i przekonaniem. Nie przejmujemy jednak \u017cadnej gwarancji ani odpowiedzialno\u015bci za informacje, w szczeg\u00f3lno\u015bci za poprawno\u015b\u0107, kompletno\u015b\u0107 i aktualno\u015b\u0107 udost\u0119pnianych tre\u015bci. Wszelka odpowiedzialno\u015b\u0107 za szkody wynikaj\u0105ce z korzystania ze strony internetowej lub wykorzystania uzyskanych informacji jest wy\u0142\u0105czona w zakresie dozwolonym przez prawo. Tre\u015bci lub reklamy oznaczone imieniem odzwierciedlaj\u0105 tre\u015b\u0107 i opini\u0119 danego autora, a nie nasz\u0105 opini\u0119. Gdy tylko dowiemy si\u0119 o naruszeniach prawa, natychmiast usuniemy odpowiedni\u0105 tre\u015b\u0107.<\/p>\n\t\t\t\t\t\t\t\t<\/div>\n\t\t\t\t<\/div>\n\t\t\t\t<\/div>\n\t\t\t\t\t<\/details>\n\t\t\t\t\t\t<details id=\"e-n-accordion-item-2511\" class=\"e-n-accordion-item\" >\n\t\t\t\t<summary class=\"e-n-accordion-item-title\" data-accordion-index=\"2\" tabindex=\"-1\" aria-expanded=\"false\" aria-controls=\"e-n-accordion-item-2511\" >\n\t\t\t\t\t<span class='e-n-accordion-item-title-header'><div class=\"e-n-accordion-item-title-text\"> 2. Odpowiedzialno\u015b\u0107 za zewn\u0119trzne strony internetowe os\u00f3b trzecich <\/div><\/span>\n\t\t\t\t\t\t\t<span class='e-n-accordion-item-title-icon'>\n\t\t\t<span class='e-opened' ><svg xmlns=\"http:\/\/www.w3.org\/2000\/svg\" xmlns:xlink=\"http:\/\/www.w3.org\/1999\/xlink\" id=\"Ebene_1\" x=\"0px\" y=\"0px\" viewBox=\"0 0 60 60\" style=\"enable-background:new 0 0 60 60;\" xml:space=\"preserve\"><style type=\"text\/css\">\t.st0{fill:none;}\t.st1{fill:none;stroke:#253544;stroke-width:5;}<\/style><rect x=\"0\" class=\"st0\" width=\"60\" height=\"60\"><\/rect><g>\t<path id=\"Pfad_1140\" class=\"st1\" d=\"M60,29.6H0\"><\/path><\/g><\/svg><\/span>\n\t\t\t<span class='e-closed'><svg xmlns=\"http:\/\/www.w3.org\/2000\/svg\" xmlns:xlink=\"http:\/\/www.w3.org\/1999\/xlink\" id=\"Ebene_1\" x=\"0px\" y=\"0px\" viewBox=\"0 0 60 60\" style=\"enable-background:new 0 0 60 60;\" xml:space=\"preserve\"><style type=\"text\/css\">\t.st0{fill:none;}\t.st1{fill:none;stroke:#253544;stroke-width:5;}<\/style><rect x=\"0\" class=\"st0\" width=\"60\" height=\"60\"><\/rect><g>\t<path id=\"Pfad_1139\" class=\"st1\" d=\"M30.2,0v60\"><\/path>\t<path id=\"Pfad_1140\" class=\"st1\" d=\"M60,29.6H0\"><\/path><\/g><\/svg><\/span>\n\t\t<\/span>\n\n\t\t\t\t\t\t<\/summary>\n\t\t\t\t<div role=\"region\" aria-labelledby=\"e-n-accordion-item-2511\" class=\"elementor-element elementor-element-09dd423 e-con-full e-flex e-con e-child\" data-id=\"09dd423\" data-element_type=\"container\" data-e-type=\"container\">\n\t\t\t\t<div class=\"elementor-element elementor-element-ddce253 elementor-widget elementor-widget-text-editor\" data-id=\"ddce253\" data-element_type=\"widget\" data-e-type=\"widget\" data-widget_type=\"text-editor.default\">\n\t\t\t\t<div class=\"elementor-widget-container\">\n\t\t\t\t\t\t\t\t\tNasza strona internetowa zawiera linki lub odniesienia do zewn\u0119trznych stron internetowych os\u00f3b trzecich. Nie odpowiadamy za zawarto\u015b\u0107 tych stron internetowych os\u00f3b trzecich, dystansujemy si\u0119 od nich i nie przyjmujemy tych tre\u015bci jako w\u0142asnych. Sprawdzili\u015bmy zewn\u0119trzne witryny internetowe os\u00f3b trzecich w momencie, w kt\u00f3rym by\u0142y one po\u0142\u0105czone, pod k\u0105tem jakichkolwiek narusze\u0144 prawa bez skargi. Nie mamy \u017cadnego wp\u0142ywu na aktualny i przysz\u0142y kszta\u0142t oraz tre\u015b\u0107 stron, do kt\u00f3rych prowadz\u0105 linki. Ci\u0105g\u0142e monitorowanie tych stron, do kt\u00f3rych prowadz\u0105 linki, nie jest dla nas uzasadnione bez konkretnych dowod\u00f3w naruszenia prawa. Je\u015bli dowiemy si\u0119 o jakichkolwiek naruszeniach prawa, natychmiast usuniemy takie strony, do kt\u00f3rych prowadz\u0105 odno\u015bniki.  \t\t\t\t\t\t\t\t<\/div>\n\t\t\t\t<\/div>\n\t\t\t\t<\/div>\n\t\t\t\t\t<\/details>\n\t\t\t\t\t\t<details id=\"e-n-accordion-item-2512\" class=\"e-n-accordion-item\" >\n\t\t\t\t<summary class=\"e-n-accordion-item-title\" data-accordion-index=\"3\" tabindex=\"-1\" aria-expanded=\"false\" aria-controls=\"e-n-accordion-item-2512\" >\n\t\t\t\t\t<span class='e-n-accordion-item-title-header'><div class=\"e-n-accordion-item-title-text\"> 3. Prawa autorskie i pokrewne prawa autorskie <\/div><\/span>\n\t\t\t\t\t\t\t<span class='e-n-accordion-item-title-icon'>\n\t\t\t<span class='e-opened' ><svg xmlns=\"http:\/\/www.w3.org\/2000\/svg\" xmlns:xlink=\"http:\/\/www.w3.org\/1999\/xlink\" id=\"Ebene_1\" x=\"0px\" y=\"0px\" viewBox=\"0 0 60 60\" style=\"enable-background:new 0 0 60 60;\" xml:space=\"preserve\"><style type=\"text\/css\">\t.st0{fill:none;}\t.st1{fill:none;stroke:#253544;stroke-width:5;}<\/style><rect x=\"0\" class=\"st0\" width=\"60\" height=\"60\"><\/rect><g>\t<path id=\"Pfad_1140\" class=\"st1\" d=\"M60,29.6H0\"><\/path><\/g><\/svg><\/span>\n\t\t\t<span class='e-closed'><svg xmlns=\"http:\/\/www.w3.org\/2000\/svg\" xmlns:xlink=\"http:\/\/www.w3.org\/1999\/xlink\" id=\"Ebene_1\" x=\"0px\" y=\"0px\" viewBox=\"0 0 60 60\" style=\"enable-background:new 0 0 60 60;\" xml:space=\"preserve\"><style type=\"text\/css\">\t.st0{fill:none;}\t.st1{fill:none;stroke:#253544;stroke-width:5;}<\/style><rect x=\"0\" class=\"st0\" width=\"60\" height=\"60\"><\/rect><g>\t<path id=\"Pfad_1139\" class=\"st1\" d=\"M30.2,0v60\"><\/path>\t<path id=\"Pfad_1140\" class=\"st1\" d=\"M60,29.6H0\"><\/path><\/g><\/svg><\/span>\n\t\t<\/span>\n\n\t\t\t\t\t\t<\/summary>\n\t\t\t\t<div role=\"region\" aria-labelledby=\"e-n-accordion-item-2512\" class=\"elementor-element elementor-element-a387bce e-con-full e-flex e-con e-child\" data-id=\"a387bce\" data-element_type=\"container\" data-e-type=\"container\">\n\t\t\t\t<div class=\"elementor-element elementor-element-4b74706 elementor-widget elementor-widget-text-editor\" data-id=\"4b74706\" data-element_type=\"widget\" data-e-type=\"widget\" data-widget_type=\"text-editor.default\">\n\t\t\t\t<div class=\"elementor-widget-container\">\n\t\t\t\t\t\t\t\t\t<p>Tre\u015bci publikowane na naszej stronie internetowej podlegaj\u0105 niemieckiemu prawu autorskiemu i dodatkowemu prawu autorskiemu. Ka\u017cde u\u017cycie niedozwolone przez niemieckie prawo autorskie i pomocnicze prawo autorskie wymaga naszej uprzedniej pisemnej zgody lub zgody odpowiedniego w\u0142a\u015bciciela praw. Dotyczy to w szczeg\u00f3lno\u015bci powielania, redagowania, t\u0142umaczenia, przechowywania, przetwarzania lub odtwarzania tre\u015bci w bazach danych lub innych mediach i systemach elektronicznych. Tre\u015bci i prawa os\u00f3b trzecich s\u0105 jako takie oznaczone. Nieuprawnione kopiowanie lub rozpowszechnianie poszczeg\u00f3lnych tre\u015bci lub ca\u0142ych stron jest zabronione i podlega karze.<\/p>\n\t\t\t\t\t\t\t\t<\/div>\n\t\t\t\t<\/div>\n\t\t\t\t<\/div>\n\t\t\t\t\t<\/details>\n\t\t\t\t\t\t<details id=\"e-n-accordion-item-2513\" class=\"e-n-accordion-item\" >\n\t\t\t\t<summary class=\"e-n-accordion-item-title\" data-accordion-index=\"4\" tabindex=\"-1\" aria-expanded=\"false\" aria-controls=\"e-n-accordion-item-2513\" >\n\t\t\t\t\t<span class='e-n-accordion-item-title-header'><div class=\"e-n-accordion-item-title-text\"> 4. Autorstwo \u2013 kredyty na zdj\u0119cia <\/div><\/span>\n\t\t\t\t\t\t\t<span class='e-n-accordion-item-title-icon'>\n\t\t\t<span class='e-opened' ><svg xmlns=\"http:\/\/www.w3.org\/2000\/svg\" xmlns:xlink=\"http:\/\/www.w3.org\/1999\/xlink\" id=\"Ebene_1\" x=\"0px\" y=\"0px\" viewBox=\"0 0 60 60\" style=\"enable-background:new 0 0 60 60;\" xml:space=\"preserve\"><style type=\"text\/css\">\t.st0{fill:none;}\t.st1{fill:none;stroke:#253544;stroke-width:5;}<\/style><rect x=\"0\" class=\"st0\" width=\"60\" height=\"60\"><\/rect><g>\t<path id=\"Pfad_1140\" class=\"st1\" d=\"M60,29.6H0\"><\/path><\/g><\/svg><\/span>\n\t\t\t<span class='e-closed'><svg xmlns=\"http:\/\/www.w3.org\/2000\/svg\" xmlns:xlink=\"http:\/\/www.w3.org\/1999\/xlink\" id=\"Ebene_1\" x=\"0px\" y=\"0px\" viewBox=\"0 0 60 60\" style=\"enable-background:new 0 0 60 60;\" xml:space=\"preserve\"><style type=\"text\/css\">\t.st0{fill:none;}\t.st1{fill:none;stroke:#253544;stroke-width:5;}<\/style><rect x=\"0\" class=\"st0\" width=\"60\" height=\"60\"><\/rect><g>\t<path id=\"Pfad_1139\" class=\"st1\" d=\"M30.2,0v60\"><\/path>\t<path id=\"Pfad_1140\" class=\"st1\" d=\"M60,29.6H0\"><\/path><\/g><\/svg><\/span>\n\t\t<\/span>\n\n\t\t\t\t\t\t<\/summary>\n\t\t\t\t<div role=\"region\" aria-labelledby=\"e-n-accordion-item-2513\" class=\"elementor-element elementor-element-5cb5201 e-con-full e-flex e-con e-child\" data-id=\"5cb5201\" data-element_type=\"container\" data-e-type=\"container\">\n\t\t\t\t<div class=\"elementor-element elementor-element-3a7dde5 elementor-widget elementor-widget-text-editor\" data-id=\"3a7dde5\" data-element_type=\"widget\" data-e-type=\"widget\" data-widget_type=\"text-editor.default\">\n\t\t\t\t<div class=\"elementor-widget-container\">\n\t\t\t\t\t\t\t\t\t<p>\u00a9 istockphoto: 1388892646, 1310480285, 1142399373, 1214257639, 1477752801, 1633228425 \u00a9 Zdj\u0119cia portretowe: Jenny Hallberg<\/p>\n\t\t\t\t\t\t\t\t<\/div>\n\t\t\t\t<\/div>\n\t\t\t\t<\/div>\n\t\t\t\t\t<\/details>\n\t\t\t\t\t<\/div>\n\t\t\t\t\t\t<\/div>\n\t\t\t\t<\/div>\n\t\t\t\t<\/div>\n\t\t\t\t<\/div>\n\t\t","protected":false},"excerpt":{"rendered":"<p>Dane firmy Nota prawna Wszystkie informacje, dane, dokumenty i podobne informacje (tre\u015bci) na tej stronie podlegaj\u0105 nast\u0119puj\u0105cym przepisom: Informacje zgodnie z ustaw\u0105 o telemediach TMG. Tre\u015b\u0107 redakcyjna:29FORWARD GmbHCarl-Zeiss-Ring 15a85737 Ismaning +49 (0) 89 20 60 21 270info@29forward.com Zarz\u0105d: Bj\u00f6rn Fries, Christian Renneke, Ralf NeufangS\u0105drejestrowy: S\u0105d lokalny w MonachiumNumerrejestru: HRB 295939Numer identyfikacji podatkowej zgodnie z \u00a7 [&hellip;]<\/p>\n","protected":false},"author":1,"featured_media":0,"parent":0,"menu_order":0,"comment_status":"closed","ping_status":"closed","template":"","meta":{"footnotes":""},"tags":[],"class_list":["post-9069","page","type-page","status-publish","hentry"],"yoast_head":"<!-- This site is optimized with the Yoast SEO plugin v27.3 - https:\/\/yoast.com\/product\/yoast-seo-wordpress\/ -->\n<title>Wa\u017cne informacje w nadruku: Poznaj 29FORWARD<\/title>\n<meta name=\"description\" content=\"Zapoznaj si\u0119 z nasz\u0105 not\u0105 prawn\u0105 i dowiedz si\u0119, w jaki spos\u00f3b w\u0142\u0105czamy przejrzysto\u015b\u0107 i zaufanie do naszych us\u0142ug. Przeczytaj wi\u0119cej ju\u017c teraz!\" \/>\n<meta name=\"robots\" content=\"index, follow, max-snippet:-1, max-image-preview:large, max-video-preview:-1\" \/>\n<link rel=\"canonical\" href=\"https:\/\/29forward.com\/pl\/dane-firmy\" \/>\n<meta property=\"og:locale\" content=\"pl_PL\" \/>\n<meta property=\"og:type\" content=\"article\" \/>\n<meta property=\"og:title\" content=\"Wa\u017cne informacje w nadruku: Poznaj 29FORWARD\" \/>\n<meta property=\"og:description\" content=\"Zapoznaj si\u0119 z nasz\u0105 not\u0105 prawn\u0105 i dowiedz si\u0119, w jaki spos\u00f3b w\u0142\u0105czamy przejrzysto\u015b\u0107 i zaufanie do naszych us\u0142ug. Przeczytaj wi\u0119cej ju\u017c teraz!\" \/>\n<meta property=\"og:url\" content=\"https:\/\/29forward.com\/pl\/dane-firmy\" \/>\n<meta property=\"og:site_name\" content=\"29FORWARD\" \/>\n<meta property=\"article:modified_time\" content=\"2024-09-06T16:20:59+00:00\" \/>\n<meta property=\"og:image\" content=\"https:\/\/29forward.com\/wp-content\/uploads\/2023\/11\/line-grey.svg\" \/>\n<meta name=\"twitter:card\" content=\"summary_large_image\" \/>\n<meta name=\"twitter:label1\" content=\"Szacowany czas czytania\" \/>\n\t<meta name=\"twitter:data1\" content=\"4 minuty\" \/>\n<script type=\"application\/ld+json\" class=\"yoast-schema-graph\">{\"@context\":\"https:\\\/\\\/schema.org\",\"@graph\":[{\"@type\":\"WebPage\",\"@id\":\"https:\\\/\\\/29forward.com\\\/pl\\\/dane-firmy\",\"url\":\"https:\\\/\\\/29forward.com\\\/pl\\\/dane-firmy\",\"name\":\"Wa\u017cne informacje w nadruku: Poznaj 29FORWARD\",\"isPartOf\":{\"@id\":\"https:\\\/\\\/29forward.com\\\/pl#website\"},\"primaryImageOfPage\":{\"@id\":\"https:\\\/\\\/29forward.com\\\/pl\\\/dane-firmy#primaryimage\"},\"image\":{\"@id\":\"https:\\\/\\\/29forward.com\\\/pl\\\/dane-firmy#primaryimage\"},\"thumbnailUrl\":\"https:\\\/\\\/29forward.com\\\/wp-content\\\/uploads\\\/2023\\\/11\\\/line-grey.svg\",\"datePublished\":\"2023-11-22T11:49:53+00:00\",\"dateModified\":\"2024-09-06T16:20:59+00:00\",\"description\":\"Zapoznaj si\u0119 z nasz\u0105 not\u0105 prawn\u0105 i dowiedz si\u0119, w jaki spos\u00f3b w\u0142\u0105czamy przejrzysto\u015b\u0107 i zaufanie do naszych us\u0142ug. Przeczytaj wi\u0119cej ju\u017c teraz!\",\"breadcrumb\":{\"@id\":\"https:\\\/\\\/29forward.com\\\/pl\\\/dane-firmy#breadcrumb\"},\"inLanguage\":\"pl-PL\",\"potentialAction\":[{\"@type\":\"ReadAction\",\"target\":[\"https:\\\/\\\/29forward.com\\\/pl\\\/dane-firmy\"]}]},{\"@type\":\"ImageObject\",\"inLanguage\":\"pl-PL\",\"@id\":\"https:\\\/\\\/29forward.com\\\/pl\\\/dane-firmy#primaryimage\",\"url\":\"https:\\\/\\\/29forward.com\\\/wp-content\\\/uploads\\\/2023\\\/11\\\/line-grey.svg\",\"contentUrl\":\"https:\\\/\\\/29forward.com\\\/wp-content\\\/uploads\\\/2023\\\/11\\\/line-grey.svg\"},{\"@type\":\"BreadcrumbList\",\"@id\":\"https:\\\/\\\/29forward.com\\\/pl\\\/dane-firmy#breadcrumb\",\"itemListElement\":[{\"@type\":\"ListItem\",\"position\":1,\"name\":\"Home\",\"item\":\"https:\\\/\\\/29forward.com\\\/pl\\\/startseite\"},{\"@type\":\"ListItem\",\"position\":2,\"name\":\"Dane firmy\"}]},{\"@type\":\"WebSite\",\"@id\":\"https:\\\/\\\/29forward.com\\\/pl#website\",\"url\":\"https:\\\/\\\/29forward.com\\\/pl\",\"name\":\"29FORWARD\",\"description\":\"Analyse. Advice. Assist.\",\"potentialAction\":[{\"@type\":\"SearchAction\",\"target\":{\"@type\":\"EntryPoint\",\"urlTemplate\":\"https:\\\/\\\/29forward.com\\\/pl?s={search_term_string}\"},\"query-input\":{\"@type\":\"PropertyValueSpecification\",\"valueRequired\":true,\"valueName\":\"search_term_string\"}}],\"inLanguage\":\"pl-PL\"}]}<\/script>\n<!-- \/ Yoast SEO plugin. -->","yoast_head_json":{"title":"Wa\u017cne informacje w nadruku: Poznaj 29FORWARD","description":"Zapoznaj si\u0119 z nasz\u0105 not\u0105 prawn\u0105 i dowiedz si\u0119, w jaki spos\u00f3b w\u0142\u0105czamy przejrzysto\u015b\u0107 i zaufanie do naszych us\u0142ug. Przeczytaj wi\u0119cej ju\u017c teraz!","robots":{"index":"index","follow":"follow","max-snippet":"max-snippet:-1","max-image-preview":"max-image-preview:large","max-video-preview":"max-video-preview:-1"},"canonical":"https:\/\/29forward.com\/pl\/dane-firmy","og_locale":"pl_PL","og_type":"article","og_title":"Wa\u017cne informacje w nadruku: Poznaj 29FORWARD","og_description":"Zapoznaj si\u0119 z nasz\u0105 not\u0105 prawn\u0105 i dowiedz si\u0119, w jaki spos\u00f3b w\u0142\u0105czamy przejrzysto\u015b\u0107 i zaufanie do naszych us\u0142ug. Przeczytaj wi\u0119cej ju\u017c teraz!","og_url":"https:\/\/29forward.com\/pl\/dane-firmy","og_site_name":"29FORWARD","article_modified_time":"2024-09-06T16:20:59+00:00","og_image":[{"url":"https:\/\/29forward.com\/wp-content\/uploads\/2023\/11\/line-grey.svg","type":"","width":"","height":""}],"twitter_card":"summary_large_image","twitter_misc":{"Szacowany czas czytania":"4 minuty"},"schema":{"@context":"https:\/\/schema.org","@graph":[{"@type":"WebPage","@id":"https:\/\/29forward.com\/pl\/dane-firmy","url":"https:\/\/29forward.com\/pl\/dane-firmy","name":"Wa\u017cne informacje w nadruku: Poznaj 29FORWARD","isPartOf":{"@id":"https:\/\/29forward.com\/pl#website"},"primaryImageOfPage":{"@id":"https:\/\/29forward.com\/pl\/dane-firmy#primaryimage"},"image":{"@id":"https:\/\/29forward.com\/pl\/dane-firmy#primaryimage"},"thumbnailUrl":"https:\/\/29forward.com\/wp-content\/uploads\/2023\/11\/line-grey.svg","datePublished":"2023-11-22T11:49:53+00:00","dateModified":"2024-09-06T16:20:59+00:00","description":"Zapoznaj si\u0119 z nasz\u0105 not\u0105 prawn\u0105 i dowiedz si\u0119, w jaki spos\u00f3b w\u0142\u0105czamy przejrzysto\u015b\u0107 i zaufanie do naszych us\u0142ug. Przeczytaj wi\u0119cej ju\u017c teraz!","breadcrumb":{"@id":"https:\/\/29forward.com\/pl\/dane-firmy#breadcrumb"},"inLanguage":"pl-PL","potentialAction":[{"@type":"ReadAction","target":["https:\/\/29forward.com\/pl\/dane-firmy"]}]},{"@type":"ImageObject","inLanguage":"pl-PL","@id":"https:\/\/29forward.com\/pl\/dane-firmy#primaryimage","url":"https:\/\/29forward.com\/wp-content\/uploads\/2023\/11\/line-grey.svg","contentUrl":"https:\/\/29forward.com\/wp-content\/uploads\/2023\/11\/line-grey.svg"},{"@type":"BreadcrumbList","@id":"https:\/\/29forward.com\/pl\/dane-firmy#breadcrumb","itemListElement":[{"@type":"ListItem","position":1,"name":"Home","item":"https:\/\/29forward.com\/pl\/startseite"},{"@type":"ListItem","position":2,"name":"Dane firmy"}]},{"@type":"WebSite","@id":"https:\/\/29forward.com\/pl#website","url":"https:\/\/29forward.com\/pl","name":"29FORWARD","description":"Analyse. Advice. Assist.","potentialAction":[{"@type":"SearchAction","target":{"@type":"EntryPoint","urlTemplate":"https:\/\/29forward.com\/pl?s={search_term_string}"},"query-input":{"@type":"PropertyValueSpecification","valueRequired":true,"valueName":"search_term_string"}}],"inLanguage":"pl-PL"}]}},"_links":{"self":[{"href":"https:\/\/29forward.com\/pl\/wp-json\/wp\/v2\/pages\/9069","targetHints":{"allow":["GET"]}}],"collection":[{"href":"https:\/\/29forward.com\/pl\/wp-json\/wp\/v2\/pages"}],"about":[{"href":"https:\/\/29forward.com\/pl\/wp-json\/wp\/v2\/types\/page"}],"author":[{"embeddable":true,"href":"https:\/\/29forward.com\/pl\/wp-json\/wp\/v2\/users\/1"}],"replies":[{"embeddable":true,"href":"https:\/\/29forward.com\/pl\/wp-json\/wp\/v2\/comments?post=9069"}],"version-history":[{"count":0,"href":"https:\/\/29forward.com\/pl\/wp-json\/wp\/v2\/pages\/9069\/revisions"}],"wp:attachment":[{"href":"https:\/\/29forward.com\/pl\/wp-json\/wp\/v2\/media?parent=9069"}],"wp:term":[{"taxonomy":"post_tag","embeddable":true,"href":"https:\/\/29forward.com\/pl\/wp-json\/wp\/v2\/tags?post=9069"}],"curies":[{"name":"wp","href":"https:\/\/api.w.org\/{rel}","templated":true}]}}