{"id":8966,"date":"2023-11-14T10:03:45","date_gmt":"2023-11-14T09:03:45","guid":{"rendered":"https:\/\/dev.29forward.com\/formularz-kontaktowy"},"modified":"2024-08-13T12:52:57","modified_gmt":"2024-08-13T10:52:57","slug":"formularz-kontaktowy","status":"publish","type":"page","link":"https:\/\/29forward.com\/pl\/formularz-kontaktowy","title":{"rendered":"Formularz kontaktowy"},"content":{"rendered":"\t\t<div data-elementor-type=\"wp-page\" data-elementor-id=\"8966\" class=\"elementor elementor-8966 elementor-1287\" data-elementor-post-type=\"page\">\n\t\t\t\t<div class=\"elementor-element elementor-element-290f00c e-con-full e-flex e-con e-parent\" data-id=\"290f00c\" data-element_type=\"container\" data-e-type=\"container\" id=\"top\">\n\t\t\t\t<div class=\"elementor-element elementor-element-5bb1efe elementor-widget elementor-widget-image\" data-id=\"5bb1efe\" data-element_type=\"widget\" data-e-type=\"widget\" data-widget_type=\"image.default\">\n\t\t\t\t<div class=\"elementor-widget-container\">\n\t\t\t\t\t\t\t\t\t\t\t\t\t\t\t<img decoding=\"async\" width=\"800\" height=\"1\" src=\"https:\/\/29forward.com\/wp-content\/uploads\/2023\/11\/line-grey.svg\" class=\"attachment-large size-large wp-image-7210\" alt=\"Graue Linie\" \/>\t\t\t\t\t\t\t\t\t\t\t\t\t\t\t<\/div>\n\t\t\t\t<\/div>\n\t\t\t\t<div class=\"elementor-element elementor-element-a9721f4 elementor-align-right elementor-widget elementor-widget-breadcrumbs\" data-id=\"a9721f4\" data-element_type=\"widget\" data-e-type=\"widget\" data-widget_type=\"breadcrumbs.default\">\n\t\t\t\t<div class=\"elementor-widget-container\">\n\t\t\t\t\t<p id=\"breadcrumbs\"><span><span><a href=\"https:\/\/29forward.com\/pl\/startseite\">Home<\/a><\/span><\/span><\/p>\t\t\t\t<\/div>\n\t\t\t\t<\/div>\n\t\t\t\t<div class=\"elementor-element elementor-element-2d6d657 elementor-widget elementor-widget-text-editor\" data-id=\"2d6d657\" data-element_type=\"widget\" data-e-type=\"widget\" data-widget_type=\"text-editor.default\">\n\t\t\t\t<div class=\"elementor-widget-container\">\n\t\t\t\t\t\t\t\t\t<h1>Formularz kontaktowy<\/h1>\n\t\t\t\t\t\t\t\t<\/div>\n\t\t\t\t<\/div>\n\t\t\t\t<div class=\"elementor-element elementor-element-5ae4cfd elementor-widget elementor-widget-template\" data-id=\"5ae4cfd\" data-element_type=\"widget\" data-e-type=\"widget\" data-widget_type=\"template.default\">\n\t\t\t\t<div class=\"elementor-widget-container\">\n\t\t\t\t\t\t\t<div class=\"elementor-template\">\n\t\t\t\t\t<div data-elementor-type=\"container\" data-elementor-id=\"8891\" class=\"elementor elementor-8891 elementor-1319 elementor-1319\" data-elementor-post-type=\"elementor_library\">\n\t\t\t\t<div class=\"elementor-element elementor-element-7f038b14 e-flex e-con-boxed e-con e-parent\" data-id=\"7f038b14\" data-element_type=\"container\" data-e-type=\"container\">\n\t\t\t\t\t<div class=\"e-con-inner\">\n\t\t<div class=\"elementor-element elementor-element-41d027ff e-con-full e-flex e-con e-child\" data-id=\"41d027ff\" data-element_type=\"container\" data-e-type=\"container\" data-settings=\"{&quot;background_background&quot;:&quot;gradient&quot;}\">\n\t\t<div class=\"elementor-element elementor-element-e72c174 e-con-full e-flex e-con e-child\" data-id=\"e72c174\" data-element_type=\"container\" data-e-type=\"container\">\n\t\t\t\t<div class=\"elementor-element elementor-element-06bc94d elementor-widget__width-initial elementor-widget elementor-widget-text-editor\" data-id=\"06bc94d\" data-element_type=\"widget\" data-e-type=\"widget\" data-widget_type=\"text-editor.default\">\n\t\t\t\t<div class=\"elementor-widget-container\">\n\t\t\t\t\t\t\t\t\t<h5>Masz pytania, chcia\u0142by\u015b om\u00f3wi\u0107 z nami sw\u00f3j projekt lub szukasz wsparcia technicznego? Z niecierpliwo\u015bci\u0105 czekamy na rozmow\u0119.<\/h5>\n\t\t\t\t\t\t\t\t<\/div>\n\t\t\t\t<\/div>\n\t\t\t\t<div class=\"elementor-element elementor-element-4a5322f5 elementor-widget elementor-widget-text-editor\" data-id=\"4a5322f5\" data-element_type=\"widget\" data-e-type=\"widget\" data-widget_type=\"text-editor.default\">\n\t\t\t\t<div class=\"elementor-widget-container\">\n\t\t\t\t\t\t\t\t\t<h2>Um\u00f3w si\u0119 na spotkanie ju\u017c teraz<\/h2>\n\t\t\t\t\t\t\t\t<\/div>\n\t\t\t\t<\/div>\n\t\t\t\t<\/div>\n\t\t<div class=\"elementor-element elementor-element-715ef2d0 e-con-full e-flex e-con e-child\" data-id=\"715ef2d0\" data-element_type=\"container\" data-e-type=\"container\">\n\t\t\t\t<div class=\"elementor-element elementor-element-23b0d2d8 elementor-button-align-start button button--white elementor-widget elementor-widget-form\" data-id=\"23b0d2d8\" data-element_type=\"widget\" data-e-type=\"widget\" data-settings=\"{&quot;button_width&quot;:&quot;50&quot;,&quot;step_next_label&quot;:&quot;Nast\\u0119pny&quot;,&quot;step_previous_label&quot;:&quot;Poprzedni&quot;,&quot;step_type&quot;:&quot;number_text&quot;,&quot;step_icon_shape&quot;:&quot;circle&quot;}\" data-widget_type=\"form.default\">\n\t\t\t\t<div class=\"elementor-widget-container\">\n\t\t\t\t\t\t\t<form class=\"elementor-form\" method=\"post\" name=\"Nowy formularz\" aria-label=\"Nowy formularz\">\n\t\t\t<input type=\"hidden\" name=\"post_id\" value=\"8891\"\/>\n\t\t\t<input type=\"hidden\" name=\"form_id\" value=\"23b0d2d8\"\/>\n\t\t\t<input type=\"hidden\" name=\"referer_title\" value=\"Zarz\u0105dzanie danymi \u2013 jetzt den Service von 29FORWARD nutzen\" \/>\n\n\t\t\t\t\t\t\t<input type=\"hidden\" name=\"queried_id\" value=\"8859\"\/>\n\t\t\t\n\t\t\t<div class=\"elementor-form-fields-wrapper elementor-labels-above\">\n\t\t\t\t\t\t\t\t<div class=\"elementor-field-type-text elementor-field-group elementor-column elementor-field-group-name elementor-col-50 elementor-field-required\">\n\t\t\t\t\t\t\t\t\t\t\t\t<label for=\"form-field-name\" class=\"elementor-field-label\">\n\t\t\t\t\t\t\t\tNazwa (pole obowi\u0105zkowe)\t\t\t\t\t\t\t<\/label>\n\t\t\t\t\t\t\t\t\t\t\t\t\t\t<input size=\"1\" type=\"text\" name=\"form_fields[name]\" id=\"form-field-name\" class=\"elementor-field elementor-size-sm  elementor-field-textual\" placeholder=\"Imi\u0119 i nazwisko\" required=\"required\">\n\t\t\t\t\t\t\t\t\t\t\t<\/div>\n\t\t\t\t\t\t\t\t<div class=\"elementor-field-type-email elementor-field-group elementor-column elementor-field-group-email elementor-col-50 elementor-field-required\">\n\t\t\t\t\t\t\t\t\t\t\t\t<label for=\"form-field-email\" class=\"elementor-field-label\">\n\t\t\t\t\t\t\t\tE-mail (pole obowi\u0105zkowe)\t\t\t\t\t\t\t<\/label>\n\t\t\t\t\t\t\t\t\t\t\t\t\t\t<input size=\"1\" type=\"email\" name=\"form_fields[email]\" id=\"form-field-email\" class=\"elementor-field elementor-size-sm  elementor-field-textual\" placeholder=\"nazwa@xyz.xyz\" required=\"required\">\n\t\t\t\t\t\t\t\t\t\t\t<\/div>\n\t\t\t\t\t\t\t\t<div class=\"elementor-field-type-tel elementor-field-group elementor-column elementor-field-group-number elementor-col-50\">\n\t\t\t\t\t\t\t\t\t\t\t\t<label for=\"form-field-number\" class=\"elementor-field-label\">\n\t\t\t\t\t\t\t\tTelefon (opcjonalnie)\t\t\t\t\t\t\t<\/label>\n\t\t\t\t\t\t\t\t<input size=\"1\" type=\"tel\" name=\"form_fields[number]\" id=\"form-field-number\" class=\"elementor-field elementor-size-sm  elementor-field-textual\" placeholder=\"123456789\" pattern=\"[0-9()#&amp;+*-=.]+\" title=\"Akceptowane s\u0105 jedynie cyfry i znaki telefoniczne (#,-,*).\">\n\n\t\t\t\t\t\t<\/div>\n\t\t\t\t\t\t\t\t<div class=\"elementor-field-type-email elementor-field-group elementor-column elementor-field-group-field_df4c050 elementor-col-50 elementor-field-required\">\n\t\t\t\t\t\t\t\t\t\t\t\t<label for=\"form-field-field_df4c050\" class=\"elementor-field-label\">\n\t\t\t\t\t\t\t\tPowt\u00f3rz e-mail (pole obowi\u0105zkowe)\t\t\t\t\t\t\t<\/label>\n\t\t\t\t\t\t\t\t\t\t\t\t\t\t<input size=\"1\" type=\"email\" name=\"form_fields[field_df4c050]\" id=\"form-field-field_df4c050\" class=\"elementor-field elementor-size-sm  elementor-field-textual\" placeholder=\"nazwa@xyz.xyz\" required=\"required\">\n\t\t\t\t\t\t\t\t\t\t\t<\/div>\n\t\t\t\t\t\t\t\t<div class=\"elementor-field-type-textarea elementor-field-group elementor-column elementor-field-group-message elementor-col-100 elementor-sm-100 elementor-field-required\">\n\t\t\t\t\t\t\t\t\t\t\t\t<label for=\"form-field-message\" class=\"elementor-field-label\">\n\t\t\t\t\t\t\t\tWiadomo\u015b\u0107 (pole obowi\u0105zkowe)\t\t\t\t\t\t\t<\/label>\n\t\t\t\t\t\t<textarea class=\"elementor-field-textual elementor-field  elementor-size-sm\" name=\"form_fields[message]\" id=\"form-field-message\" rows=\"3\" placeholder=\"Wpisz tutaj swoj\u0105 wiadomo\u015b\u0107.\" required=\"required\"><\/textarea>\t\t\t\t<\/div>\n\t\t\t\t\t\t\t\t<div class=\"elementor-field-type-text\">\n\t\t\t\t\t<input size=\"1\" type=\"text\" name=\"form_fields[field_d9acf9a]\" id=\"form-field-field_d9acf9a\" class=\"elementor-field elementor-size-sm \" style=\"display:none !important;\">\t\t\t\t<\/div>\n\t\t\t\t\t\t\t\t<div class=\"elementor-field-type-acceptance elementor-field-group elementor-column elementor-field-group-field_0acc2ac elementor-col-50 elementor-field-required\">\n\t\t\t\t\t\t\t<div class=\"elementor-field-subgroup\">\n\t\t\t<span class=\"elementor-field-option\">\n\t\t\t\t<input type=\"checkbox\" name=\"form_fields[field_0acc2ac]\" id=\"form-field-field_0acc2ac\" class=\"elementor-field elementor-size-sm  elementor-acceptance-field\" required=\"required\">\n\t\t\t\t<label for=\"form-field-field_0acc2ac\">Wyra\u017cam zgod\u0119 na przekazanie moich danych wymienionych tutaj firmie 29FORWARD. Wi\u0119cej informacji w sekcji: <a href=\"https:\/\/29forward.com\/pl\/ochrona-danych\"><u>Ochrona danych<\/u><\/a><\/label>\t\t\t<\/span>\n\t\t<\/div>\n\t\t\t\t\t\t<\/div>\n\t\t\t\t\t\t\t\t<div class=\"elementor-field-type-hidden elementor-field-group elementor-column elementor-field-group-field_3f1648f elementor-col-100\">\n\t\t\t\t\t\t\t\t\t\t\t\t\t<input size=\"1\" type=\"hidden\" name=\"form_fields[field_3f1648f]\" id=\"form-field-field_3f1648f\" class=\"elementor-field elementor-size-sm  elementor-field-textual\">\n\t\t\t\t\t\t\t\t\t\t\t<\/div>\n\t\t\t\t\t\t\t\t<div class=\"elementor-field-type-frcaptcha elementor-field-group elementor-column elementor-field-group-field_77d3d2c elementor-col-50\">\n\t\t\t\t\t<div class=\"frc-captcha \" data-sitekey=\"FCMU3TIQG9FG3O99\" data-lang=\"pl\" ><\/div>\n\t\t<noscript>You need to enable Javascript for the anti-spam check.<\/noscript><style>.frc-captcha {max-width: 100%; width:100%}<\/style><input type=\"frcaptcha text\" name=\"form_fields[field_77d3d2c]\" id=\"form-field-field_77d3d2c\" class=\"elementor-field elementor-size-sm \" style=\"display: none\">\t\t\t\t<\/div>\n\t\t\t\t\t\t\t\t<div class=\"elementor-field-group elementor-column elementor-field-type-submit elementor-col-50 e-form__buttons\">\n\t\t\t\t\t<button class=\"elementor-button elementor-size-xs\" type=\"submit\">\n\t\t\t\t\t\t<span class=\"elementor-button-content-wrapper\">\n\t\t\t\t\t\t\t\t\t\t\t\t\t\t\t\t\t\t\t\t\t\t<span class=\"elementor-button-text\">Wy\u015blij<\/span>\n\t\t\t\t\t\t\t\t\t\t\t\t\t<\/span>\n\t\t\t\t\t<\/button>\n\t\t\t\t<\/div>\n\t\t\t<\/div>\n\t\t<\/form>\n\t\t\t\t\t\t<\/div>\n\t\t\t\t<\/div>\n\t\t\t\t<\/div>\n\t\t\t\t<\/div>\n\t\t<div class=\"elementor-element elementor-element-334bf1f0 e-con-full e-flex e-con e-child\" data-id=\"334bf1f0\" data-element_type=\"container\" data-e-type=\"container\" data-settings=\"{&quot;background_background&quot;:&quot;classic&quot;}\">\n\t\t\t\t<\/div>\n\t\t\t\t\t<\/div>\n\t\t\t\t<\/div>\n\t\t\t\t<\/div>\n\t\t\t\t<\/div>\n\t\t\t\t\t\t<\/div>\n\t\t\t\t<\/div>\n\t\t\t\t<\/div>\n\t\t\t\t<\/div>\n\t\t","protected":false},"excerpt":{"rendered":"<p>Formularz kontaktowy<\/p>\n","protected":false},"author":1,"featured_media":10024,"parent":0,"menu_order":0,"comment_status":"closed","ping_status":"closed","template":"","meta":{"footnotes":""},"tags":[61],"class_list":["post-8966","page","type-page","status-publish","has-post-thumbnail","hentry","tag-kontakt-pl"],"yoast_head":"<!-- This site is optimized with the Yoast SEO plugin v27.3 - https:\/\/yoast.com\/product\/yoast-seo-wordpress\/ -->\n<title>Szybka pomoc dzi\u0119ki 29FORWARD Formularz kontaktowy: Zacznij teraz!<\/title>\n<meta name=\"description\" content=\"Skorzystaj z naszego formularza kontaktowego, aby uzyska\u0107 osobist\u0105 konsultacj\u0119! Szybko i bez komplikacji: Zapytaj i po\u0142\u0105cz si\u0119 teraz!\" \/>\n<meta name=\"robots\" content=\"index, follow, max-snippet:-1, max-image-preview:large, max-video-preview:-1\" \/>\n<link rel=\"canonical\" href=\"https:\/\/29forward.com\/pl\/formularz-kontaktowy\" \/>\n<meta property=\"og:locale\" content=\"pl_PL\" \/>\n<meta property=\"og:type\" content=\"article\" \/>\n<meta property=\"og:title\" content=\"Szybka pomoc dzi\u0119ki 29FORWARD Formularz kontaktowy: Zacznij teraz!\" \/>\n<meta property=\"og:description\" content=\"Skorzystaj z naszego formularza kontaktowego, aby uzyska\u0107 osobist\u0105 konsultacj\u0119! Szybko i bez komplikacji: Zapytaj i po\u0142\u0105cz si\u0119 teraz!\" \/>\n<meta property=\"og:url\" content=\"https:\/\/29forward.com\/pl\/formularz-kontaktowy\" \/>\n<meta property=\"og:site_name\" content=\"29FORWARD\" \/>\n<meta property=\"article:modified_time\" content=\"2024-08-13T10:52:57+00:00\" \/>\n<meta property=\"og:image\" content=\"https:\/\/29forward.com\/wp-content\/uploads\/2024\/07\/29FORWARD-Kontaktformular-Beitragsbild-Vorschau.webp\" \/>\n\t<meta property=\"og:image:width\" content=\"619\" \/>\n\t<meta property=\"og:image:height\" content=\"619\" \/>\n\t<meta property=\"og:image:type\" content=\"image\/webp\" \/>\n<meta name=\"twitter:card\" content=\"summary_large_image\" \/>\n<script type=\"application\/ld+json\" class=\"yoast-schema-graph\">{\"@context\":\"https:\\\/\\\/schema.org\",\"@graph\":[{\"@type\":\"WebPage\",\"@id\":\"https:\\\/\\\/29forward.com\\\/pl\\\/formularz-kontaktowy\",\"url\":\"https:\\\/\\\/29forward.com\\\/pl\\\/formularz-kontaktowy\",\"name\":\"Szybka pomoc dzi\u0119ki 29FORWARD Formularz kontaktowy: Zacznij teraz!\",\"isPartOf\":{\"@id\":\"https:\\\/\\\/29forward.com\\\/pl#website\"},\"primaryImageOfPage\":{\"@id\":\"https:\\\/\\\/29forward.com\\\/pl\\\/formularz-kontaktowy#primaryimage\"},\"image\":{\"@id\":\"https:\\\/\\\/29forward.com\\\/pl\\\/formularz-kontaktowy#primaryimage\"},\"thumbnailUrl\":\"https:\\\/\\\/29forward.com\\\/wp-content\\\/uploads\\\/2024\\\/07\\\/29FORWARD-Kontaktformular-Beitragsbild-Vorschau.webp\",\"datePublished\":\"2023-11-14T09:03:45+00:00\",\"dateModified\":\"2024-08-13T10:52:57+00:00\",\"description\":\"Skorzystaj z naszego formularza kontaktowego, aby uzyska\u0107 osobist\u0105 konsultacj\u0119! Szybko i bez komplikacji: Zapytaj i po\u0142\u0105cz si\u0119 teraz!\",\"breadcrumb\":{\"@id\":\"https:\\\/\\\/29forward.com\\\/pl\\\/formularz-kontaktowy#breadcrumb\"},\"inLanguage\":\"pl-PL\",\"potentialAction\":[{\"@type\":\"ReadAction\",\"target\":[\"https:\\\/\\\/29forward.com\\\/pl\\\/formularz-kontaktowy\"]}]},{\"@type\":\"ImageObject\",\"inLanguage\":\"pl-PL\",\"@id\":\"https:\\\/\\\/29forward.com\\\/pl\\\/formularz-kontaktowy#primaryimage\",\"url\":\"https:\\\/\\\/29forward.com\\\/wp-content\\\/uploads\\\/2024\\\/07\\\/29FORWARD-Kontaktformular-Beitragsbild-Vorschau.webp\",\"contentUrl\":\"https:\\\/\\\/29forward.com\\\/wp-content\\\/uploads\\\/2024\\\/07\\\/29FORWARD-Kontaktformular-Beitragsbild-Vorschau.webp\",\"width\":619,\"height\":619,\"caption\":\"Foto von beiden Gesch\u00e4ftsf\u00fchrern Bj\u00f6rn Fries und Christian Renneke\"},{\"@type\":\"BreadcrumbList\",\"@id\":\"https:\\\/\\\/29forward.com\\\/pl\\\/formularz-kontaktowy#breadcrumb\",\"itemListElement\":[{\"@type\":\"ListItem\",\"position\":1,\"name\":\"Home\",\"item\":\"https:\\\/\\\/29forward.com\\\/pl\\\/startseite\"},{\"@type\":\"ListItem\",\"position\":2,\"name\":\"Formularz kontaktowy\"}]},{\"@type\":\"WebSite\",\"@id\":\"https:\\\/\\\/29forward.com\\\/pl#website\",\"url\":\"https:\\\/\\\/29forward.com\\\/pl\",\"name\":\"29FORWARD\",\"description\":\"Analyse. Advice. Assist.\",\"potentialAction\":[{\"@type\":\"SearchAction\",\"target\":{\"@type\":\"EntryPoint\",\"urlTemplate\":\"https:\\\/\\\/29forward.com\\\/pl?s={search_term_string}\"},\"query-input\":{\"@type\":\"PropertyValueSpecification\",\"valueRequired\":true,\"valueName\":\"search_term_string\"}}],\"inLanguage\":\"pl-PL\"}]}<\/script>\n<!-- \/ Yoast SEO plugin. -->","yoast_head_json":{"title":"Szybka pomoc dzi\u0119ki 29FORWARD Formularz kontaktowy: Zacznij teraz!","description":"Skorzystaj z naszego formularza kontaktowego, aby uzyska\u0107 osobist\u0105 konsultacj\u0119! Szybko i bez komplikacji: Zapytaj i po\u0142\u0105cz si\u0119 teraz!","robots":{"index":"index","follow":"follow","max-snippet":"max-snippet:-1","max-image-preview":"max-image-preview:large","max-video-preview":"max-video-preview:-1"},"canonical":"https:\/\/29forward.com\/pl\/formularz-kontaktowy","og_locale":"pl_PL","og_type":"article","og_title":"Szybka pomoc dzi\u0119ki 29FORWARD Formularz kontaktowy: Zacznij teraz!","og_description":"Skorzystaj z naszego formularza kontaktowego, aby uzyska\u0107 osobist\u0105 konsultacj\u0119! Szybko i bez komplikacji: Zapytaj i po\u0142\u0105cz si\u0119 teraz!","og_url":"https:\/\/29forward.com\/pl\/formularz-kontaktowy","og_site_name":"29FORWARD","article_modified_time":"2024-08-13T10:52:57+00:00","og_image":[{"width":619,"height":619,"url":"https:\/\/29forward.com\/wp-content\/uploads\/2024\/07\/29FORWARD-Kontaktformular-Beitragsbild-Vorschau.webp","type":"image\/webp"}],"twitter_card":"summary_large_image","schema":{"@context":"https:\/\/schema.org","@graph":[{"@type":"WebPage","@id":"https:\/\/29forward.com\/pl\/formularz-kontaktowy","url":"https:\/\/29forward.com\/pl\/formularz-kontaktowy","name":"Szybka pomoc dzi\u0119ki 29FORWARD Formularz kontaktowy: Zacznij teraz!","isPartOf":{"@id":"https:\/\/29forward.com\/pl#website"},"primaryImageOfPage":{"@id":"https:\/\/29forward.com\/pl\/formularz-kontaktowy#primaryimage"},"image":{"@id":"https:\/\/29forward.com\/pl\/formularz-kontaktowy#primaryimage"},"thumbnailUrl":"https:\/\/29forward.com\/wp-content\/uploads\/2024\/07\/29FORWARD-Kontaktformular-Beitragsbild-Vorschau.webp","datePublished":"2023-11-14T09:03:45+00:00","dateModified":"2024-08-13T10:52:57+00:00","description":"Skorzystaj z naszego formularza kontaktowego, aby uzyska\u0107 osobist\u0105 konsultacj\u0119! Szybko i bez komplikacji: Zapytaj i po\u0142\u0105cz si\u0119 teraz!","breadcrumb":{"@id":"https:\/\/29forward.com\/pl\/formularz-kontaktowy#breadcrumb"},"inLanguage":"pl-PL","potentialAction":[{"@type":"ReadAction","target":["https:\/\/29forward.com\/pl\/formularz-kontaktowy"]}]},{"@type":"ImageObject","inLanguage":"pl-PL","@id":"https:\/\/29forward.com\/pl\/formularz-kontaktowy#primaryimage","url":"https:\/\/29forward.com\/wp-content\/uploads\/2024\/07\/29FORWARD-Kontaktformular-Beitragsbild-Vorschau.webp","contentUrl":"https:\/\/29forward.com\/wp-content\/uploads\/2024\/07\/29FORWARD-Kontaktformular-Beitragsbild-Vorschau.webp","width":619,"height":619,"caption":"Foto von beiden Gesch\u00e4ftsf\u00fchrern Bj\u00f6rn Fries und Christian Renneke"},{"@type":"BreadcrumbList","@id":"https:\/\/29forward.com\/pl\/formularz-kontaktowy#breadcrumb","itemListElement":[{"@type":"ListItem","position":1,"name":"Home","item":"https:\/\/29forward.com\/pl\/startseite"},{"@type":"ListItem","position":2,"name":"Formularz kontaktowy"}]},{"@type":"WebSite","@id":"https:\/\/29forward.com\/pl#website","url":"https:\/\/29forward.com\/pl","name":"29FORWARD","description":"Analyse. Advice. Assist.","potentialAction":[{"@type":"SearchAction","target":{"@type":"EntryPoint","urlTemplate":"https:\/\/29forward.com\/pl?s={search_term_string}"},"query-input":{"@type":"PropertyValueSpecification","valueRequired":true,"valueName":"search_term_string"}}],"inLanguage":"pl-PL"}]}},"_links":{"self":[{"href":"https:\/\/29forward.com\/pl\/wp-json\/wp\/v2\/pages\/8966","targetHints":{"allow":["GET"]}}],"collection":[{"href":"https:\/\/29forward.com\/pl\/wp-json\/wp\/v2\/pages"}],"about":[{"href":"https:\/\/29forward.com\/pl\/wp-json\/wp\/v2\/types\/page"}],"author":[{"embeddable":true,"href":"https:\/\/29forward.com\/pl\/wp-json\/wp\/v2\/users\/1"}],"replies":[{"embeddable":true,"href":"https:\/\/29forward.com\/pl\/wp-json\/wp\/v2\/comments?post=8966"}],"version-history":[{"count":0,"href":"https:\/\/29forward.com\/pl\/wp-json\/wp\/v2\/pages\/8966\/revisions"}],"wp:featuredmedia":[{"embeddable":true,"href":"https:\/\/29forward.com\/pl\/wp-json\/wp\/v2\/media\/10024"}],"wp:attachment":[{"href":"https:\/\/29forward.com\/pl\/wp-json\/wp\/v2\/media?parent=8966"}],"wp:term":[{"taxonomy":"post_tag","embeddable":true,"href":"https:\/\/29forward.com\/pl\/wp-json\/wp\/v2\/tags?post=8966"}],"curies":[{"name":"wp","href":"https:\/\/api.w.org\/{rel}","templated":true}]}}