{"id":13094,"date":"2026-02-27T10:33:31","date_gmt":"2026-02-27T09:33:31","guid":{"rendered":"https:\/\/29forward.com\/?page_id=13094"},"modified":"2026-02-27T10:35:51","modified_gmt":"2026-02-27T09:35:51","slug":"rozpoczecie-projektu-3","status":"publish","type":"page","link":"https:\/\/29forward.com\/pl\/rozpoczecie-projektu-3","title":{"rendered":"Rozpocz\u0119cie projektu"},"content":{"rendered":"\t\t<div data-elementor-type=\"wp-page\" data-elementor-id=\"13094\" class=\"elementor elementor-13094 elementor-13092\" data-elementor-post-type=\"page\">\n\t\t\t\t<div class=\"elementor-element elementor-element-c2f4ca0 e-con-full e-flex e-con e-parent\" data-id=\"c2f4ca0\" data-element_type=\"container\" data-e-type=\"container\" id=\"top\" data-settings=\"{&quot;background_background&quot;:&quot;classic&quot;}\">\n\t\t<div class=\"elementor-element elementor-element-26aa0a e-con-full e-flex e-con e-child\" data-id=\"26aa0a\" data-element_type=\"container\" data-e-type=\"container\" data-settings=\"{&quot;background_background&quot;:&quot;classic&quot;,&quot;background_motion_fx_motion_fx_scrolling&quot;:&quot;yes&quot;,&quot;background_motion_fx_translateY_effect&quot;:&quot;yes&quot;,&quot;background_motion_fx_translateY_direction&quot;:&quot;negative&quot;,&quot;background_motion_fx_translateY_speed&quot;:{&quot;unit&quot;:&quot;px&quot;,&quot;size&quot;:1,&quot;sizes&quot;:[]},&quot;background_motion_fx_translateY_affectedRange&quot;:{&quot;unit&quot;:&quot;%&quot;,&quot;size&quot;:&quot;&quot;,&quot;sizes&quot;:{&quot;start&quot;:0,&quot;end&quot;:100}},&quot;background_motion_fx_devices&quot;:[&quot;desktop&quot;,&quot;tablet&quot;,&quot;mobile&quot;]}\">\n\t\t\t\t<div class=\"elementor-element elementor-element-4b5efa69 elementor-align-right elementor-widget elementor-widget-breadcrumbs\" data-id=\"4b5efa69\" data-element_type=\"widget\" data-e-type=\"widget\" data-widget_type=\"breadcrumbs.default\">\n\t\t\t\t<div class=\"elementor-widget-container\">\n\t\t\t\t\t<p id=\"breadcrumbs\"><span><span><a href=\"https:\/\/29forward.com\/pl\/startseite\">Home<\/a><\/span><\/span><\/p>\t\t\t\t<\/div>\n\t\t\t\t<\/div>\n\t\t\t\t<\/div>\n\t\t<div class=\"elementor-element elementor-element-4556d4d9 e-con-full e-flex e-con e-child\" data-id=\"4556d4d9\" data-element_type=\"container\" data-e-type=\"container\" data-settings=\"{&quot;background_background&quot;:&quot;classic&quot;,&quot;background_motion_fx_motion_fx_scrolling&quot;:&quot;yes&quot;,&quot;background_motion_fx_translateY_effect&quot;:&quot;yes&quot;,&quot;background_motion_fx_translateY_direction&quot;:&quot;negative&quot;,&quot;background_motion_fx_translateY_speed&quot;:{&quot;unit&quot;:&quot;px&quot;,&quot;size&quot;:1,&quot;sizes&quot;:[]},&quot;background_motion_fx_translateY_affectedRange&quot;:{&quot;unit&quot;:&quot;%&quot;,&quot;size&quot;:&quot;&quot;,&quot;sizes&quot;:{&quot;start&quot;:0,&quot;end&quot;:100}},&quot;background_motion_fx_devices&quot;:[&quot;desktop&quot;,&quot;tablet&quot;,&quot;mobile&quot;]}\">\n\t\t\t\t<div class=\"elementor-element elementor-element-1d8e9c7f elementor-widget elementor-widget-text-editor\" data-id=\"1d8e9c7f\" data-element_type=\"widget\" data-e-type=\"widget\" data-widget_type=\"text-editor.default\">\n\t\t\t\t<div class=\"elementor-widget-container\">\n\t\t\t\t\t\t\t\t\t<p>Business<br>Forward<\/p><p> <\/p>\t\t\t\t\t\t\t\t<\/div>\n\t\t\t\t<\/div>\n\t\t\t\t<div class=\"elementor-element elementor-element-5bb9afe elementor-align-center elementor-invisible elementor-widget elementor-widget-lottie\" data-id=\"5bb9afe\" data-element_type=\"widget\" data-e-type=\"widget\" data-settings=\"{&quot;source_json&quot;:{&quot;url&quot;:&quot;https:\\\/\\\/29forward.com\\\/wp-content\\\/uploads\\\/2023\\\/12\\\/29FORWARD-Hipster-Elemente-Doppelpfeil-gelb.json&quot;,&quot;id&quot;:7011,&quot;size&quot;:&quot;&quot;,&quot;alt&quot;:&quot;&quot;,&quot;source&quot;:&quot;library&quot;},&quot;loop&quot;:&quot;yes&quot;,&quot;motion_fx_motion_fx_scrolling&quot;:&quot;yes&quot;,&quot;motion_fx_opacity_effect&quot;:&quot;yes&quot;,&quot;motion_fx_opacity_direction&quot;:&quot;in-out&quot;,&quot;_animation&quot;:&quot;fadeInLeft&quot;,&quot;source&quot;:&quot;media_file&quot;,&quot;caption_source&quot;:&quot;none&quot;,&quot;link_to&quot;:&quot;none&quot;,&quot;trigger&quot;:&quot;arriving_to_viewport&quot;,&quot;viewport&quot;:{&quot;unit&quot;:&quot;%&quot;,&quot;size&quot;:&quot;&quot;,&quot;sizes&quot;:{&quot;start&quot;:0,&quot;end&quot;:100}},&quot;play_speed&quot;:{&quot;unit&quot;:&quot;px&quot;,&quot;size&quot;:1,&quot;sizes&quot;:[]},&quot;start_point&quot;:{&quot;unit&quot;:&quot;%&quot;,&quot;size&quot;:0,&quot;sizes&quot;:[]},&quot;end_point&quot;:{&quot;unit&quot;:&quot;%&quot;,&quot;size&quot;:100,&quot;sizes&quot;:[]},&quot;renderer&quot;:&quot;svg&quot;,&quot;motion_fx_opacity_level&quot;:{&quot;unit&quot;:&quot;px&quot;,&quot;size&quot;:10,&quot;sizes&quot;:[]},&quot;motion_fx_opacity_range&quot;:{&quot;unit&quot;:&quot;%&quot;,&quot;size&quot;:&quot;&quot;,&quot;sizes&quot;:{&quot;start&quot;:20,&quot;end&quot;:80}},&quot;motion_fx_devices&quot;:[&quot;desktop&quot;,&quot;tablet&quot;,&quot;mobile&quot;]}\" data-widget_type=\"lottie.default\">\n\t\t\t\t<div class=\"elementor-widget-container\">\n\t\t\t\t\t<div class=\"e-lottie__container\"><div class=\"e-lottie__animation\"><\/div><\/div>\t\t\t\t<\/div>\n\t\t\t\t<\/div>\n\t\t\t\t<\/div>\n\t\t\t\t<\/div>\n\t\t<div class=\"elementor-element elementor-element-1a0257b e-flex e-con-boxed e-con e-parent\" data-id=\"1a0257b\" data-element_type=\"container\" data-e-type=\"container\" data-settings=\"{&quot;background_background&quot;:&quot;classic&quot;}\">\n\t\t\t\t\t<div class=\"e-con-inner\">\n\t\t\t\t<div class=\"elementor-element elementor-element-e9382a7 elementor-widget elementor-widget-text-editor\" data-id=\"e9382a7\" data-element_type=\"widget\" data-e-type=\"widget\" data-widget_type=\"text-editor.default\">\n\t\t\t\t<div class=\"elementor-widget-container\">\n\t\t\t\t\t\t\t\t\t<h4><span style=\"color:#FFFFFF\">Dlaczego 29FORWARD?<span><\/h4>\t\t\t\t\t\t\t\t<\/div>\n\t\t\t\t<\/div>\n\t\t\t\t<div class=\"elementor-element elementor-element-347e287 elementor-widget elementor-widget-text-editor\" data-id=\"347e287\" data-element_type=\"widget\" data-e-type=\"widget\" data-widget_type=\"text-editor.default\">\n\t\t\t\t<div class=\"elementor-widget-container\">\n\t\t\t\t\t\t\t\t\t<h2><span style=\"color:#FFFFFF\">Chcesz rozpocz\u0105\u0107 nowy projekt z 29FORWARD? Przedstawiamy 5 powody, dla kt\u00f3rych warto to zrobi\u0107:Wir liefern Ihnen 5 gute Gr\u00fcnde daf\u00fcr:<\/span><\/h2>\t\t\t\t\t\t\t\t<\/div>\n\t\t\t\t<\/div>\n\t\t\t\t\t<\/div>\n\t\t\t\t<\/div>\n\t\t<div class=\"elementor-element elementor-element-dadd82c e-con-full animated-slow e-flex elementor-invisible e-con e-parent\" data-id=\"dadd82c\" data-element_type=\"container\" data-e-type=\"container\" data-settings=\"{&quot;animation&quot;:&quot;fadeInRight&quot;,&quot;animation_delay&quot;:200}\">\n\t\t<div class=\"elementor-element elementor-element-2260180 e-con-full e-flex e-con e-child\" data-id=\"2260180\" data-element_type=\"container\" data-e-type=\"container\">\n\t\t<div class=\"elementor-element elementor-element-a70263e e-con-full e-flex e-con e-child\" data-id=\"a70263e\" data-element_type=\"container\" data-e-type=\"container\">\n\t\t\t\t<\/div>\n\t\t<div class=\"elementor-element elementor-element-dff28f8 e-con-full e-flex e-con e-child\" data-id=\"dff28f8\" data-element_type=\"container\" data-e-type=\"container\">\n\t\t\t\t<div class=\"elementor-element elementor-element-455c851 elementor-widget elementor-widget-text-editor\" data-id=\"455c851\" data-element_type=\"widget\" data-e-type=\"widget\" data-widget_type=\"text-editor.default\">\n\t\t\t\t<div class=\"elementor-widget-container\">\n\t\t\t\t\t\t\t\t\t<h2>Wiedza i do\u015bwiadczenie<\/h2>\t\t\t\t\t\t\t\t<\/div>\n\t\t\t\t<\/div>\n\t\t\t\t<div class=\"elementor-element elementor-element-cf9f954 elementor-widget elementor-widget-button\" data-id=\"cf9f954\" data-element_type=\"widget\" data-e-type=\"widget\" data-widget_type=\"button.default\">\n\t\t\t\t<div class=\"elementor-widget-container\">\n\t\t\t\t\t\t\t\t\t<div class=\"elementor-button-wrapper\">\n\t\t\t\t\t<a class=\"elementor-button elementor-button-link elementor-size-sm\" href=\"https:\/\/29forward.com\/wp-content\/uploads\/2026\/02\/BI-Goals.pdf\" id=\"BI_Goals_Download\">\n\t\t\t\t\t\t<span class=\"elementor-button-content-wrapper\">\n\t\t\t\t\t\t\t\t\t<span class=\"elementor-button-text\">Download Here<\/span>\n\t\t\t\t\t<\/span>\n\t\t\t\t\t<\/a>\n\t\t\t\t<\/div>\n\t\t\t\t\t\t\t\t<\/div>\n\t\t\t\t<\/div>\n\t\t\t\t<div class=\"elementor-element elementor-element-a0cfcc9 elementor-widget elementor-widget-text-editor\" data-id=\"a0cfcc9\" data-element_type=\"widget\" data-e-type=\"widget\" data-widget_type=\"text-editor.default\">\n\t\t\t\t<div class=\"elementor-widget-container\">\n\t\t\t\t\t\t\t\t\t<h3>29FORWARD posiada wysoko wykwalifikowany zesp\u00f3\u0142 z dog\u0142\u0119bn\u0105 wiedz\u0105 i wieloletnim do\u015bwiadczeniem w zakresie analityki biznesowej i zarz\u0105dzania danymi.<\/h3>\t\t\t\t\t\t\t\t<\/div>\n\t\t\t\t<\/div>\n\t\t\t\t<\/div>\n\t\t\t\t<\/div>\n\t\t\t\t<\/div>\n\t\t\t\t<\/div>\n\t\t","protected":false},"excerpt":{"rendered":"<p>BusinessForward Dlaczego 29FORWARD? Chcesz rozpocz\u0105\u0107 nowy projekt z 29FORWARD? Przedstawiamy 5 powody, dla kt\u00f3rych warto to zrobi\u0107:Wir liefern Ihnen 5 gute Gr\u00fcnde daf\u00fcr: Wiedza i do\u015bwiadczenie Download Here 29FORWARD posiada wysoko wykwalifikowany zesp\u00f3\u0142 z dog\u0142\u0119bn\u0105 wiedz\u0105 i wieloletnim do\u015bwiadczeniem w zakresie analityki biznesowej i zarz\u0105dzania danymi.<\/p>\n","protected":false},"author":6,"featured_media":7603,"parent":0,"menu_order":0,"comment_status":"closed","ping_status":"closed","template":"","meta":{"footnotes":""},"tags":[65],"class_list":["post-13094","page","type-page","status-publish","has-post-thumbnail","hentry","tag-projekty"],"yoast_head":"<!-- This site is optimized with the Yoast SEO plugin v27.4 - https:\/\/yoast.com\/product\/yoast-seo-wordpress\/ -->\n<title>Starten sie ein neues Projekt gemeinsam mit 29FORWARD<\/title>\n<meta name=\"description\" content=\"Projekt starten mit 29FORWARD. Sie finden sich in unseren Sektoren nicht wieder? Wir sind auch offen f\u00fcr Neues! Jetzt Projekt mit uns starten!\" \/>\n<meta name=\"robots\" content=\"index, follow, max-snippet:-1, max-image-preview:large, max-video-preview:-1\" \/>\n<link rel=\"canonical\" href=\"https:\/\/29forward.com\/pl\/rozpoczecie-projektu-3\" \/>\n<meta property=\"og:locale\" content=\"pl_PL\" \/>\n<meta property=\"og:type\" content=\"article\" \/>\n<meta property=\"og:title\" content=\"Starten sie ein neues Projekt gemeinsam mit 29FORWARD\" \/>\n<meta property=\"og:description\" content=\"Projekt starten mit 29FORWARD. Sie finden sich in unseren Sektoren nicht wieder? Wir sind auch offen f\u00fcr Neues! Jetzt Projekt mit uns starten!\" \/>\n<meta property=\"og:url\" content=\"https:\/\/29forward.com\/pl\/rozpoczecie-projektu-3\" \/>\n<meta property=\"og:site_name\" content=\"29FORWARD\" \/>\n<meta property=\"article:modified_time\" content=\"2026-02-27T09:35:51+00:00\" \/>\n<meta property=\"og:image\" content=\"https:\/\/29forward.com\/wp-content\/uploads\/2024\/03\/29FORWARD-Projekte-Projekt-starten-Beitragsbild-Vorschau.webp\" \/>\n\t<meta property=\"og:image:width\" content=\"619\" \/>\n\t<meta property=\"og:image:height\" content=\"619\" \/>\n\t<meta property=\"og:image:type\" content=\"image\/webp\" \/>\n<meta name=\"twitter:card\" content=\"summary_large_image\" \/>\n<script type=\"application\/ld+json\" class=\"yoast-schema-graph\">{\"@context\":\"https:\\\/\\\/schema.org\",\"@graph\":[{\"@type\":\"WebPage\",\"@id\":\"https:\\\/\\\/29forward.com\\\/pl\\\/rozpoczecie-projektu-3\",\"url\":\"https:\\\/\\\/29forward.com\\\/pl\\\/rozpoczecie-projektu-3\",\"name\":\"Starten sie ein neues Projekt gemeinsam mit 29FORWARD\",\"isPartOf\":{\"@id\":\"https:\\\/\\\/29forward.com\\\/pl#website\"},\"primaryImageOfPage\":{\"@id\":\"https:\\\/\\\/29forward.com\\\/pl\\\/rozpoczecie-projektu-3#primaryimage\"},\"image\":{\"@id\":\"https:\\\/\\\/29forward.com\\\/pl\\\/rozpoczecie-projektu-3#primaryimage\"},\"thumbnailUrl\":\"https:\\\/\\\/29forward.com\\\/wp-content\\\/uploads\\\/2024\\\/03\\\/29FORWARD-Projekte-Projekt-starten-Beitragsbild-Vorschau.webp\",\"datePublished\":\"2026-02-27T09:33:31+00:00\",\"dateModified\":\"2026-02-27T09:35:51+00:00\",\"description\":\"Projekt starten mit 29FORWARD. Sie finden sich in unseren Sektoren nicht wieder? Wir sind auch offen f\u00fcr Neues! Jetzt Projekt mit uns starten!\",\"breadcrumb\":{\"@id\":\"https:\\\/\\\/29forward.com\\\/pl\\\/rozpoczecie-projektu-3#breadcrumb\"},\"inLanguage\":\"pl-PL\",\"potentialAction\":[{\"@type\":\"ReadAction\",\"target\":[\"https:\\\/\\\/29forward.com\\\/pl\\\/rozpoczecie-projektu-3\"]}]},{\"@type\":\"ImageObject\",\"inLanguage\":\"pl-PL\",\"@id\":\"https:\\\/\\\/29forward.com\\\/pl\\\/rozpoczecie-projektu-3#primaryimage\",\"url\":\"https:\\\/\\\/29forward.com\\\/wp-content\\\/uploads\\\/2024\\\/03\\\/29FORWARD-Projekte-Projekt-starten-Beitragsbild-Vorschau.webp\",\"contentUrl\":\"https:\\\/\\\/29forward.com\\\/wp-content\\\/uploads\\\/2024\\\/03\\\/29FORWARD-Projekte-Projekt-starten-Beitragsbild-Vorschau.webp\",\"width\":619,\"height\":619,\"caption\":\"Mann steht vor Flipchart mit Stift und unterh\u00e4lt sich mit Koleginnen\"},{\"@type\":\"BreadcrumbList\",\"@id\":\"https:\\\/\\\/29forward.com\\\/pl\\\/rozpoczecie-projektu-3#breadcrumb\",\"itemListElement\":[{\"@type\":\"ListItem\",\"position\":1,\"name\":\"Home\",\"item\":\"https:\\\/\\\/29forward.com\\\/pl\\\/startseite\"},{\"@type\":\"ListItem\",\"position\":2,\"name\":\"Rozpocz\u0119cie projektu\"}]},{\"@type\":\"WebSite\",\"@id\":\"https:\\\/\\\/29forward.com\\\/pl#website\",\"url\":\"https:\\\/\\\/29forward.com\\\/pl\",\"name\":\"29FORWARD\",\"description\":\"Analyse. Advice. Assist.\",\"potentialAction\":[{\"@type\":\"SearchAction\",\"target\":{\"@type\":\"EntryPoint\",\"urlTemplate\":\"https:\\\/\\\/29forward.com\\\/pl?s={search_term_string}\"},\"query-input\":{\"@type\":\"PropertyValueSpecification\",\"valueRequired\":true,\"valueName\":\"search_term_string\"}}],\"inLanguage\":\"pl-PL\"}]}<\/script>\n<!-- \/ Yoast SEO plugin. -->","yoast_head_json":{"title":"Starten sie ein neues Projekt gemeinsam mit 29FORWARD","description":"Projekt starten mit 29FORWARD. Sie finden sich in unseren Sektoren nicht wieder? Wir sind auch offen f\u00fcr Neues! Jetzt Projekt mit uns starten!","robots":{"index":"index","follow":"follow","max-snippet":"max-snippet:-1","max-image-preview":"max-image-preview:large","max-video-preview":"max-video-preview:-1"},"canonical":"https:\/\/29forward.com\/pl\/rozpoczecie-projektu-3","og_locale":"pl_PL","og_type":"article","og_title":"Starten sie ein neues Projekt gemeinsam mit 29FORWARD","og_description":"Projekt starten mit 29FORWARD. Sie finden sich in unseren Sektoren nicht wieder? Wir sind auch offen f\u00fcr Neues! Jetzt Projekt mit uns starten!","og_url":"https:\/\/29forward.com\/pl\/rozpoczecie-projektu-3","og_site_name":"29FORWARD","article_modified_time":"2026-02-27T09:35:51+00:00","og_image":[{"width":619,"height":619,"url":"https:\/\/29forward.com\/wp-content\/uploads\/2024\/03\/29FORWARD-Projekte-Projekt-starten-Beitragsbild-Vorschau.webp","type":"image\/webp"}],"twitter_card":"summary_large_image","schema":{"@context":"https:\/\/schema.org","@graph":[{"@type":"WebPage","@id":"https:\/\/29forward.com\/pl\/rozpoczecie-projektu-3","url":"https:\/\/29forward.com\/pl\/rozpoczecie-projektu-3","name":"Starten sie ein neues Projekt gemeinsam mit 29FORWARD","isPartOf":{"@id":"https:\/\/29forward.com\/pl#website"},"primaryImageOfPage":{"@id":"https:\/\/29forward.com\/pl\/rozpoczecie-projektu-3#primaryimage"},"image":{"@id":"https:\/\/29forward.com\/pl\/rozpoczecie-projektu-3#primaryimage"},"thumbnailUrl":"https:\/\/29forward.com\/wp-content\/uploads\/2024\/03\/29FORWARD-Projekte-Projekt-starten-Beitragsbild-Vorschau.webp","datePublished":"2026-02-27T09:33:31+00:00","dateModified":"2026-02-27T09:35:51+00:00","description":"Projekt starten mit 29FORWARD. Sie finden sich in unseren Sektoren nicht wieder? Wir sind auch offen f\u00fcr Neues! Jetzt Projekt mit uns starten!","breadcrumb":{"@id":"https:\/\/29forward.com\/pl\/rozpoczecie-projektu-3#breadcrumb"},"inLanguage":"pl-PL","potentialAction":[{"@type":"ReadAction","target":["https:\/\/29forward.com\/pl\/rozpoczecie-projektu-3"]}]},{"@type":"ImageObject","inLanguage":"pl-PL","@id":"https:\/\/29forward.com\/pl\/rozpoczecie-projektu-3#primaryimage","url":"https:\/\/29forward.com\/wp-content\/uploads\/2024\/03\/29FORWARD-Projekte-Projekt-starten-Beitragsbild-Vorschau.webp","contentUrl":"https:\/\/29forward.com\/wp-content\/uploads\/2024\/03\/29FORWARD-Projekte-Projekt-starten-Beitragsbild-Vorschau.webp","width":619,"height":619,"caption":"Mann steht vor Flipchart mit Stift und unterh\u00e4lt sich mit Koleginnen"},{"@type":"BreadcrumbList","@id":"https:\/\/29forward.com\/pl\/rozpoczecie-projektu-3#breadcrumb","itemListElement":[{"@type":"ListItem","position":1,"name":"Home","item":"https:\/\/29forward.com\/pl\/startseite"},{"@type":"ListItem","position":2,"name":"Rozpocz\u0119cie projektu"}]},{"@type":"WebSite","@id":"https:\/\/29forward.com\/pl#website","url":"https:\/\/29forward.com\/pl","name":"29FORWARD","description":"Analyse. Advice. Assist.","potentialAction":[{"@type":"SearchAction","target":{"@type":"EntryPoint","urlTemplate":"https:\/\/29forward.com\/pl?s={search_term_string}"},"query-input":{"@type":"PropertyValueSpecification","valueRequired":true,"valueName":"search_term_string"}}],"inLanguage":"pl-PL"}]}},"_links":{"self":[{"href":"https:\/\/29forward.com\/pl\/wp-json\/wp\/v2\/pages\/13094","targetHints":{"allow":["GET"]}}],"collection":[{"href":"https:\/\/29forward.com\/pl\/wp-json\/wp\/v2\/pages"}],"about":[{"href":"https:\/\/29forward.com\/pl\/wp-json\/wp\/v2\/types\/page"}],"author":[{"embeddable":true,"href":"https:\/\/29forward.com\/pl\/wp-json\/wp\/v2\/users\/6"}],"replies":[{"embeddable":true,"href":"https:\/\/29forward.com\/pl\/wp-json\/wp\/v2\/comments?post=13094"}],"version-history":[{"count":0,"href":"https:\/\/29forward.com\/pl\/wp-json\/wp\/v2\/pages\/13094\/revisions"}],"wp:featuredmedia":[{"embeddable":true,"href":"https:\/\/29forward.com\/pl\/wp-json\/wp\/v2\/media\/7603"}],"wp:attachment":[{"href":"https:\/\/29forward.com\/pl\/wp-json\/wp\/v2\/media?parent=13094"}],"wp:term":[{"taxonomy":"post_tag","embeddable":true,"href":"https:\/\/29forward.com\/pl\/wp-json\/wp\/v2\/tags?post=13094"}],"curies":[{"name":"wp","href":"https:\/\/api.w.org\/{rel}","templated":true}]}}