{"id":12373,"date":"2025-12-05T12:59:06","date_gmt":"2025-12-05T11:59:06","guid":{"rendered":"https:\/\/29forward.com\/?page_id=12373"},"modified":"2025-12-05T12:59:07","modified_gmt":"2025-12-05T11:59:07","slug":"zaawansowana-analityka-2","status":"publish","type":"page","link":"https:\/\/29forward.com\/pl\/zaawansowana-analityka-2","title":{"rendered":"Zaawansowana analityka"},"content":{"rendered":"","protected":true},"excerpt":{"rendered":"","protected":true},"author":6,"featured_media":12300,"parent":0,"menu_order":0,"comment_status":"closed","ping_status":"closed","template":"","meta":{"footnotes":""},"tags":[],"class_list":["post-12373","page","type-page","status-publish","post-password-required","hentry"],"yoast_head":"<!-- This site is optimized with the Yoast SEO plugin v27.3 - https:\/\/yoast.com\/product\/yoast-seo-wordpress\/ -->\n<title>Zaawansowana analityka - skorzystaj z us\u0142ugi 29FORWARD ju\u017c teraz<\/title>\n<meta name=\"description\" content=\"Advanced Analytics ist einer der unterschiedlichen Services aus dem Angebot von 29FORWARD. Kliknij tutaj, aby dowiedzie\u0107 si\u0119 wi\u0119cej!\" \/>\n<meta name=\"robots\" content=\"index, follow, max-snippet:-1, max-image-preview:large, max-video-preview:-1\" \/>\n<link rel=\"canonical\" href=\"https:\/\/29forward.com\/pl\/zaawansowana-analityka-2\" \/>\n<meta property=\"og:locale\" content=\"pl_PL\" \/>\n<meta property=\"og:type\" content=\"article\" \/>\n<meta property=\"og:title\" content=\"Zaawansowana analityka - skorzystaj z us\u0142ugi 29FORWARD ju\u017c teraz\" \/>\n<meta property=\"og:description\" content=\"Advanced Analytics ist einer der unterschiedlichen Services aus dem Angebot von 29FORWARD. Kliknij tutaj, aby dowiedzie\u0107 si\u0119 wi\u0119cej!\" \/>\n<meta property=\"og:url\" content=\"https:\/\/29forward.com\/pl\/zaawansowana-analityka-2\" \/>\n<meta property=\"og:site_name\" content=\"29FORWARD\" \/>\n<meta property=\"article:modified_time\" content=\"2025-12-05T11:59:07+00:00\" \/>\n<meta name=\"twitter:card\" content=\"summary_large_image\" \/>\n<meta name=\"twitter:label1\" content=\"Szacowany czas czytania\" \/>\n\t<meta name=\"twitter:data1\" content=\"1 minuta\" \/>\n<script type=\"application\/ld+json\" class=\"yoast-schema-graph\">{\"@context\":\"https:\\\/\\\/schema.org\",\"@graph\":[{\"@type\":\"WebPage\",\"@id\":\"https:\\\/\\\/29forward.com\\\/pl\\\/zaawansowana-analityka-2\",\"url\":\"https:\\\/\\\/29forward.com\\\/pl\\\/zaawansowana-analityka-2\",\"name\":\"Zaawansowana analityka - skorzystaj z us\u0142ugi 29FORWARD ju\u017c teraz\",\"isPartOf\":{\"@id\":\"https:\\\/\\\/29forward.com\\\/pl#website\"},\"datePublished\":\"2025-12-05T11:59:06+00:00\",\"dateModified\":\"2025-12-05T11:59:07+00:00\",\"breadcrumb\":{\"@id\":\"https:\\\/\\\/29forward.com\\\/pl\\\/zaawansowana-analityka-2#breadcrumb\"},\"inLanguage\":\"pl-PL\"},{\"@type\":\"WebSite\",\"@id\":\"https:\\\/\\\/29forward.com\\\/pl#website\",\"url\":\"https:\\\/\\\/29forward.com\\\/pl\",\"name\":\"29FORWARD\",\"description\":\"Analyse. Advice. Assist.\",\"potentialAction\":[{\"@type\":\"SearchAction\",\"target\":{\"@type\":\"EntryPoint\",\"urlTemplate\":\"https:\\\/\\\/29forward.com\\\/pl?s={search_term_string}\"},\"query-input\":{\"@type\":\"PropertyValueSpecification\",\"valueRequired\":true,\"valueName\":\"search_term_string\"}}],\"inLanguage\":\"pl-PL\"}]}<\/script>\n<!-- \/ Yoast SEO plugin. -->","yoast_head_json":{"title":"Zaawansowana analityka - skorzystaj z us\u0142ugi 29FORWARD ju\u017c teraz","description":"Advanced Analytics ist einer der unterschiedlichen Services aus dem Angebot von 29FORWARD. Kliknij tutaj, aby dowiedzie\u0107 si\u0119 wi\u0119cej!","robots":{"index":"index","follow":"follow","max-snippet":"max-snippet:-1","max-image-preview":"max-image-preview:large","max-video-preview":"max-video-preview:-1"},"canonical":"https:\/\/29forward.com\/pl\/zaawansowana-analityka-2","og_locale":"pl_PL","og_type":"article","og_title":"Zaawansowana analityka - skorzystaj z us\u0142ugi 29FORWARD ju\u017c teraz","og_description":"Advanced Analytics ist einer der unterschiedlichen Services aus dem Angebot von 29FORWARD. Kliknij tutaj, aby dowiedzie\u0107 si\u0119 wi\u0119cej!","og_url":"https:\/\/29forward.com\/pl\/zaawansowana-analityka-2","og_site_name":"29FORWARD","article_modified_time":"2025-12-05T11:59:07+00:00","twitter_card":"summary_large_image","twitter_misc":{"Szacowany czas czytania":"1 minuta"},"schema":{"@context":"https:\/\/schema.org","@graph":[{"@type":"WebPage","@id":"https:\/\/29forward.com\/pl\/zaawansowana-analityka-2","url":"https:\/\/29forward.com\/pl\/zaawansowana-analityka-2","name":"Zaawansowana analityka - skorzystaj z us\u0142ugi 29FORWARD ju\u017c teraz","isPartOf":{"@id":"https:\/\/29forward.com\/pl#website"},"datePublished":"2025-12-05T11:59:06+00:00","dateModified":"2025-12-05T11:59:07+00:00","breadcrumb":{"@id":"https:\/\/29forward.com\/pl\/zaawansowana-analityka-2#breadcrumb"},"inLanguage":"pl-PL"},{"@type":"WebSite","@id":"https:\/\/29forward.com\/pl#website","url":"https:\/\/29forward.com\/pl","name":"29FORWARD","description":"Analyse. Advice. Assist.","potentialAction":[{"@type":"SearchAction","target":{"@type":"EntryPoint","urlTemplate":"https:\/\/29forward.com\/pl?s={search_term_string}"},"query-input":{"@type":"PropertyValueSpecification","valueRequired":true,"valueName":"search_term_string"}}],"inLanguage":"pl-PL"}]}},"_links":{"self":[{"href":"https:\/\/29forward.com\/pl\/wp-json\/wp\/v2\/pages\/12373","targetHints":{"allow":["GET"]}}],"collection":[{"href":"https:\/\/29forward.com\/pl\/wp-json\/wp\/v2\/pages"}],"about":[{"href":"https:\/\/29forward.com\/pl\/wp-json\/wp\/v2\/types\/page"}],"author":[{"embeddable":true,"href":"https:\/\/29forward.com\/pl\/wp-json\/wp\/v2\/users\/6"}],"replies":[{"embeddable":true,"href":"https:\/\/29forward.com\/pl\/wp-json\/wp\/v2\/comments?post=12373"}],"version-history":[{"count":0,"href":"https:\/\/29forward.com\/pl\/wp-json\/wp\/v2\/pages\/12373\/revisions"}],"wp:featuredmedia":[{"embeddable":true,"href":"https:\/\/29forward.com\/pl\/wp-json\/wp\/v2\/media\/12300"}],"wp:attachment":[{"href":"https:\/\/29forward.com\/pl\/wp-json\/wp\/v2\/media?parent=12373"}],"wp:term":[{"taxonomy":"post_tag","embeddable":true,"href":"https:\/\/29forward.com\/pl\/wp-json\/wp\/v2\/tags?post=12373"}],"curies":[{"name":"wp","href":"https:\/\/api.w.org\/{rel}","templated":true}]}}