{"id":8964,"date":"2023-11-14T10:03:45","date_gmt":"2023-11-14T09:03:45","guid":{"rendered":"https:\/\/dev.29forward.com\/contact-form"},"modified":"2024-08-13T13:33:28","modified_gmt":"2024-08-13T11:33:28","slug":"contact-form","status":"publish","type":"page","link":"https:\/\/29forward.com\/en\/contact-form","title":{"rendered":"Contact form"},"content":{"rendered":"\t\t<div data-elementor-type=\"wp-page\" data-elementor-id=\"8964\" class=\"elementor elementor-8964 elementor-1287\" data-elementor-post-type=\"page\">\n\t\t\t\t<div class=\"elementor-element elementor-element-290f00c e-con-full e-flex e-con e-parent\" data-id=\"290f00c\" data-element_type=\"container\" data-e-type=\"container\" id=\"top\">\n\t\t\t\t<div class=\"elementor-element elementor-element-5bb1efe elementor-widget elementor-widget-image\" data-id=\"5bb1efe\" data-element_type=\"widget\" data-e-type=\"widget\" data-widget_type=\"image.default\">\n\t\t\t\t<div class=\"elementor-widget-container\">\n\t\t\t\t\t\t\t\t\t\t\t\t\t\t\t<img decoding=\"async\" width=\"800\" height=\"1\" src=\"https:\/\/29forward.com\/wp-content\/uploads\/2023\/11\/line-grey.svg\" class=\"attachment-large size-large wp-image-7209\" alt=\"Graue Linie\" \/>\t\t\t\t\t\t\t\t\t\t\t\t\t\t\t<\/div>\n\t\t\t\t<\/div>\n\t\t\t\t<div class=\"elementor-element elementor-element-a9721f4 elementor-align-right elementor-widget elementor-widget-breadcrumbs\" data-id=\"a9721f4\" data-element_type=\"widget\" data-e-type=\"widget\" data-widget_type=\"breadcrumbs.default\">\n\t\t\t\t<div class=\"elementor-widget-container\">\n\t\t\t\t\t<p id=\"breadcrumbs\"><span><span><a href=\"https:\/\/29forward.com\/en\/homepage\">Home<\/a><\/span><\/span><\/p>\t\t\t\t<\/div>\n\t\t\t\t<\/div>\n\t\t\t\t<div class=\"elementor-element elementor-element-2d6d657 elementor-widget elementor-widget-text-editor\" data-id=\"2d6d657\" data-element_type=\"widget\" data-e-type=\"widget\" data-widget_type=\"text-editor.default\">\n\t\t\t\t<div class=\"elementor-widget-container\">\n\t\t\t\t\t\t\t\t\t<h1>Contact form<\/h1>\n\t\t\t\t\t\t\t\t<\/div>\n\t\t\t\t<\/div>\n\t\t\t\t<div class=\"elementor-element elementor-element-5ae4cfd elementor-widget elementor-widget-template\" data-id=\"5ae4cfd\" data-element_type=\"widget\" data-e-type=\"widget\" data-widget_type=\"template.default\">\n\t\t\t\t<div class=\"elementor-widget-container\">\n\t\t\t\t\t\t\t<div class=\"elementor-template\">\n\t\t\t\t\t<div data-elementor-type=\"container\" data-elementor-id=\"8889\" class=\"elementor elementor-8889 elementor-1319 elementor-1319\" data-elementor-post-type=\"elementor_library\">\n\t\t\t\t<div class=\"elementor-element elementor-element-7f038b14 e-flex e-con-boxed e-con e-parent\" data-id=\"7f038b14\" data-element_type=\"container\" data-e-type=\"container\">\n\t\t\t\t\t<div class=\"e-con-inner\">\n\t\t<div class=\"elementor-element elementor-element-41d027ff e-con-full e-flex e-con e-child\" data-id=\"41d027ff\" data-element_type=\"container\" data-e-type=\"container\" data-settings=\"{&quot;background_background&quot;:&quot;gradient&quot;}\">\n\t\t<div class=\"elementor-element elementor-element-e72c174 e-con-full e-flex e-con e-child\" data-id=\"e72c174\" data-element_type=\"container\" data-e-type=\"container\">\n\t\t\t\t<div class=\"elementor-element elementor-element-06bc94d elementor-widget__width-initial elementor-widget elementor-widget-text-editor\" data-id=\"06bc94d\" data-element_type=\"widget\" data-e-type=\"widget\" data-widget_type=\"text-editor.default\">\n\t\t\t\t<div class=\"elementor-widget-container\">\n\t\t\t\t\t\t\t\t\t<h5>Do you have any questions, would you like to discuss your project with us or are you looking for technical support? We look forward to talking to you.<\/h5>\n\t\t\t\t\t\t\t\t<\/div>\n\t\t\t\t<\/div>\n\t\t\t\t<div class=\"elementor-element elementor-element-4a5322f5 elementor-widget elementor-widget-text-editor\" data-id=\"4a5322f5\" data-element_type=\"widget\" data-e-type=\"widget\" data-widget_type=\"text-editor.default\">\n\t\t\t\t<div class=\"elementor-widget-container\">\n\t\t\t\t\t\t\t\t\t<h2>Make an appointment now<\/h2>\n\t\t\t\t\t\t\t\t<\/div>\n\t\t\t\t<\/div>\n\t\t\t\t<\/div>\n\t\t<div class=\"elementor-element elementor-element-715ef2d0 e-con-full e-flex e-con e-child\" data-id=\"715ef2d0\" data-element_type=\"container\" data-e-type=\"container\">\n\t\t\t\t<div class=\"elementor-element elementor-element-23b0d2d8 elementor-button-align-start button button--white elementor-widget elementor-widget-form\" data-id=\"23b0d2d8\" data-element_type=\"widget\" data-e-type=\"widget\" data-settings=\"{&quot;button_width&quot;:&quot;50&quot;,&quot;step_next_label&quot;:&quot;Next&quot;,&quot;step_previous_label&quot;:&quot;Previous&quot;,&quot;step_type&quot;:&quot;number_text&quot;,&quot;step_icon_shape&quot;:&quot;circle&quot;}\" data-widget_type=\"form.default\">\n\t\t\t\t<div class=\"elementor-widget-container\">\n\t\t\t\t\t\t\t<form class=\"elementor-form\" method=\"post\" name=\"New form\" aria-label=\"New form\">\n\t\t\t<input type=\"hidden\" name=\"post_id\" value=\"8889\"\/>\n\t\t\t<input type=\"hidden\" name=\"form_id\" value=\"23b0d2d8\"\/>\n\t\t\t<input type=\"hidden\" name=\"referer_title\" value=\"Data Management \u2013 jetzt den Service von 29FORWARD nutzen\" \/>\n\n\t\t\t\t\t\t\t<input type=\"hidden\" name=\"queried_id\" value=\"8818\"\/>\n\t\t\t\n\t\t\t<div class=\"elementor-form-fields-wrapper elementor-labels-above\">\n\t\t\t\t\t\t\t\t<div class=\"elementor-field-type-text elementor-field-group elementor-column elementor-field-group-name elementor-col-50 elementor-field-required\">\n\t\t\t\t\t\t\t\t\t\t\t\t<label for=\"form-field-name\" class=\"elementor-field-label\">\n\t\t\t\t\t\t\t\tName (mandatory field)\t\t\t\t\t\t\t<\/label>\n\t\t\t\t\t\t\t\t\t\t\t\t\t\t<input size=\"1\" type=\"text\" name=\"form_fields[name]\" id=\"form-field-name\" class=\"elementor-field elementor-size-sm  elementor-field-textual\" placeholder=\"First and last name\" required=\"required\">\n\t\t\t\t\t\t\t\t\t\t\t<\/div>\n\t\t\t\t\t\t\t\t<div class=\"elementor-field-type-email elementor-field-group elementor-column elementor-field-group-email elementor-col-50 elementor-field-required\">\n\t\t\t\t\t\t\t\t\t\t\t\t<label for=\"form-field-email\" class=\"elementor-field-label\">\n\t\t\t\t\t\t\t\tE-mail (mandatory field)\t\t\t\t\t\t\t<\/label>\n\t\t\t\t\t\t\t\t\t\t\t\t\t\t<input size=\"1\" type=\"email\" name=\"form_fields[email]\" id=\"form-field-email\" class=\"elementor-field elementor-size-sm  elementor-field-textual\" placeholder=\"name@xyz.xyz\" required=\"required\">\n\t\t\t\t\t\t\t\t\t\t\t<\/div>\n\t\t\t\t\t\t\t\t<div class=\"elementor-field-type-tel elementor-field-group elementor-column elementor-field-group-number elementor-col-50\">\n\t\t\t\t\t\t\t\t\t\t\t\t<label for=\"form-field-number\" class=\"elementor-field-label\">\n\t\t\t\t\t\t\t\tTelephone (optional)\t\t\t\t\t\t\t<\/label>\n\t\t\t\t\t\t\t\t<input size=\"1\" type=\"tel\" name=\"form_fields[number]\" id=\"form-field-number\" class=\"elementor-field elementor-size-sm  elementor-field-textual\" placeholder=\"123456789\" pattern=\"[0-9()#&amp;+*-=.]+\" title=\"Only numbers and phone characters (#, -, *, etc) are accepted.\">\n\n\t\t\t\t\t\t<\/div>\n\t\t\t\t\t\t\t\t<div class=\"elementor-field-type-email elementor-field-group elementor-column elementor-field-group-field_df4c050 elementor-col-50 elementor-field-required\">\n\t\t\t\t\t\t\t\t\t\t\t\t<label for=\"form-field-field_df4c050\" class=\"elementor-field-label\">\n\t\t\t\t\t\t\t\tRepeat e-mail (mandatory field)\t\t\t\t\t\t\t<\/label>\n\t\t\t\t\t\t\t\t\t\t\t\t\t\t<input size=\"1\" type=\"email\" name=\"form_fields[field_df4c050]\" id=\"form-field-field_df4c050\" class=\"elementor-field elementor-size-sm  elementor-field-textual\" placeholder=\"name@xyz.xyz\" required=\"required\">\n\t\t\t\t\t\t\t\t\t\t\t<\/div>\n\t\t\t\t\t\t\t\t<div class=\"elementor-field-type-textarea elementor-field-group elementor-column elementor-field-group-message elementor-col-100 elementor-sm-100 elementor-field-required\">\n\t\t\t\t\t\t\t\t\t\t\t\t<label for=\"form-field-message\" class=\"elementor-field-label\">\n\t\t\t\t\t\t\t\tMessage (mandatory field)\t\t\t\t\t\t\t<\/label>\n\t\t\t\t\t\t<textarea class=\"elementor-field-textual elementor-field  elementor-size-sm\" name=\"form_fields[message]\" id=\"form-field-message\" rows=\"3\" placeholder=\"Please enter your message here.\" required=\"required\"><\/textarea>\t\t\t\t<\/div>\n\t\t\t\t\t\t\t\t<div class=\"elementor-field-type-text\">\n\t\t\t\t\t<input size=\"1\" type=\"text\" name=\"form_fields[field_d9acf9a]\" id=\"form-field-field_d9acf9a\" class=\"elementor-field elementor-size-sm \" style=\"display:none !important;\">\t\t\t\t<\/div>\n\t\t\t\t\t\t\t\t<div class=\"elementor-field-type-acceptance elementor-field-group elementor-column elementor-field-group-field_0acc2ac elementor-col-50 elementor-field-required\">\n\t\t\t\t\t\t\t<div class=\"elementor-field-subgroup\">\n\t\t\t<span class=\"elementor-field-option\">\n\t\t\t\t<input type=\"checkbox\" name=\"form_fields[field_0acc2ac]\" id=\"form-field-field_0acc2ac\" class=\"elementor-field elementor-size-sm  elementor-acceptance-field\" required=\"required\">\n\t\t\t\t<label for=\"form-field-field_0acc2ac\">I agree that my data listed here will be forwarded to the company 29FORWARD. More information under: <a href=\"https:\/\/29forward.com\/en\/data-protection\"><u>Data protection<\/u><\/a><\/label>\t\t\t<\/span>\n\t\t<\/div>\n\t\t\t\t\t\t<\/div>\n\t\t\t\t\t\t\t\t<div class=\"elementor-field-type-frcaptcha elementor-field-group elementor-column elementor-field-group-field_45fa410 elementor-col-50\">\n\t\t\t\t\t<div class=\"frc-captcha \" data-sitekey=\"FCMU3TIQG9FG3O99\" data-lang=\"en\" ><\/div>\n\t\t<noscript>You need to enable Javascript for the anti-spam check.<\/noscript><style>.frc-captcha {max-width: 100%; width:100%}<\/style><input type=\"frcaptcha text\" name=\"form_fields[field_45fa410]\" id=\"form-field-field_45fa410\" class=\"elementor-field elementor-size-sm \" style=\"display: none\">\t\t\t\t<\/div>\n\t\t\t\t\t\t\t\t<div class=\"elementor-field-type-hidden elementor-field-group elementor-column elementor-field-group-field_3f1648f elementor-col-100\">\n\t\t\t\t\t\t\t\t\t\t\t\t\t<input size=\"1\" type=\"hidden\" name=\"form_fields[field_3f1648f]\" id=\"form-field-field_3f1648f\" class=\"elementor-field elementor-size-sm  elementor-field-textual\">\n\t\t\t\t\t\t\t\t\t\t\t<\/div>\n\t\t\t\t\t\t\t\t<div class=\"elementor-field-group elementor-column elementor-field-type-submit elementor-col-50 e-form__buttons\">\n\t\t\t\t\t<button class=\"elementor-button elementor-size-xs\" type=\"submit\">\n\t\t\t\t\t\t<span class=\"elementor-button-content-wrapper\">\n\t\t\t\t\t\t\t\t\t\t\t\t\t\t\t\t\t\t\t\t\t\t<span class=\"elementor-button-text\">Send<\/span>\n\t\t\t\t\t\t\t\t\t\t\t\t\t<\/span>\n\t\t\t\t\t<\/button>\n\t\t\t\t<\/div>\n\t\t\t<\/div>\n\t\t<\/form>\n\t\t\t\t\t\t<\/div>\n\t\t\t\t<\/div>\n\t\t\t\t<\/div>\n\t\t\t\t<\/div>\n\t\t<div class=\"elementor-element elementor-element-334bf1f0 e-con-full e-flex e-con e-child\" data-id=\"334bf1f0\" data-element_type=\"container\" data-e-type=\"container\" data-settings=\"{&quot;background_background&quot;:&quot;classic&quot;}\">\n\t\t\t\t<\/div>\n\t\t\t\t\t<\/div>\n\t\t\t\t<\/div>\n\t\t\t\t<\/div>\n\t\t\t\t<\/div>\n\t\t\t\t\t\t<\/div>\n\t\t\t\t<\/div>\n\t\t\t\t<\/div>\n\t\t\t\t<\/div>\n\t\t","protected":false},"excerpt":{"rendered":"<p>Contact form<\/p>\n","protected":false},"author":1,"featured_media":10023,"parent":0,"menu_order":0,"comment_status":"closed","ping_status":"closed","template":"","meta":{"footnotes":""},"tags":[60],"class_list":["post-8964","page","type-page","status-publish","has-post-thumbnail","hentry","tag-contact"],"yoast_head":"<!-- This site is optimized with the Yoast SEO plugin v27.3 - https:\/\/yoast.com\/product\/yoast-seo-wordpress\/ -->\n<title>Quick help thanks to 29FORWARD Contact form: Start now!<\/title>\n<meta name=\"description\" content=\"Use our contact form for a personal consultation! Fast uncomplicated: Request and connect now!\" \/>\n<meta name=\"robots\" content=\"index, follow, max-snippet:-1, max-image-preview:large, max-video-preview:-1\" \/>\n<link rel=\"canonical\" href=\"https:\/\/29forward.com\/en\/contact-form\" \/>\n<meta property=\"og:locale\" content=\"en_US\" \/>\n<meta property=\"og:type\" content=\"article\" \/>\n<meta property=\"og:title\" content=\"Quick help thanks to 29FORWARD Contact form: Start now!\" \/>\n<meta property=\"og:description\" content=\"Use our contact form for a personal consultation! Fast uncomplicated: Request and connect now!\" \/>\n<meta property=\"og:url\" content=\"https:\/\/29forward.com\/en\/contact-form\" \/>\n<meta property=\"og:site_name\" content=\"29FORWARD\" \/>\n<meta property=\"article:modified_time\" content=\"2024-08-13T11:33:28+00:00\" \/>\n<meta property=\"og:image\" content=\"https:\/\/29forward.com\/wp-content\/uploads\/2024\/07\/29FORWARD-Kontaktformular-Beitragsbild-Vorschau.webp\" \/>\n\t<meta property=\"og:image:width\" content=\"619\" \/>\n\t<meta property=\"og:image:height\" content=\"619\" \/>\n\t<meta property=\"og:image:type\" content=\"image\/webp\" \/>\n<meta name=\"twitter:card\" content=\"summary_large_image\" \/>\n<script type=\"application\/ld+json\" class=\"yoast-schema-graph\">{\"@context\":\"https:\\\/\\\/schema.org\",\"@graph\":[{\"@type\":\"WebPage\",\"@id\":\"https:\\\/\\\/29forward.com\\\/en\\\/contact-form\",\"url\":\"https:\\\/\\\/29forward.com\\\/en\\\/contact-form\",\"name\":\"Quick help thanks to 29FORWARD Contact form: Start now!\",\"isPartOf\":{\"@id\":\"https:\\\/\\\/29forward.com\\\/en#website\"},\"primaryImageOfPage\":{\"@id\":\"https:\\\/\\\/29forward.com\\\/en\\\/contact-form#primaryimage\"},\"image\":{\"@id\":\"https:\\\/\\\/29forward.com\\\/en\\\/contact-form#primaryimage\"},\"thumbnailUrl\":\"https:\\\/\\\/29forward.com\\\/wp-content\\\/uploads\\\/2024\\\/07\\\/29FORWARD-Kontaktformular-Beitragsbild-Vorschau.webp\",\"datePublished\":\"2023-11-14T09:03:45+00:00\",\"dateModified\":\"2024-08-13T11:33:28+00:00\",\"description\":\"Use our contact form for a personal consultation! Fast uncomplicated: Request and connect now!\",\"breadcrumb\":{\"@id\":\"https:\\\/\\\/29forward.com\\\/en\\\/contact-form#breadcrumb\"},\"inLanguage\":\"en-US\",\"potentialAction\":[{\"@type\":\"ReadAction\",\"target\":[\"https:\\\/\\\/29forward.com\\\/en\\\/contact-form\"]}]},{\"@type\":\"ImageObject\",\"inLanguage\":\"en-US\",\"@id\":\"https:\\\/\\\/29forward.com\\\/en\\\/contact-form#primaryimage\",\"url\":\"https:\\\/\\\/29forward.com\\\/wp-content\\\/uploads\\\/2024\\\/07\\\/29FORWARD-Kontaktformular-Beitragsbild-Vorschau.webp\",\"contentUrl\":\"https:\\\/\\\/29forward.com\\\/wp-content\\\/uploads\\\/2024\\\/07\\\/29FORWARD-Kontaktformular-Beitragsbild-Vorschau.webp\",\"width\":619,\"height\":619,\"caption\":\"Foto von beiden Gesch\u00e4ftsf\u00fchrern Bj\u00f6rn Fries und Christian Renneke\"},{\"@type\":\"BreadcrumbList\",\"@id\":\"https:\\\/\\\/29forward.com\\\/en\\\/contact-form#breadcrumb\",\"itemListElement\":[{\"@type\":\"ListItem\",\"position\":1,\"name\":\"Home\",\"item\":\"https:\\\/\\\/29forward.com\\\/en\\\/homepage\"},{\"@type\":\"ListItem\",\"position\":2,\"name\":\"Contact form\"}]},{\"@type\":\"WebSite\",\"@id\":\"https:\\\/\\\/29forward.com\\\/en#website\",\"url\":\"https:\\\/\\\/29forward.com\\\/en\",\"name\":\"29FORWARD\",\"description\":\"Analyse. Advice. Assist.\",\"potentialAction\":[{\"@type\":\"SearchAction\",\"target\":{\"@type\":\"EntryPoint\",\"urlTemplate\":\"https:\\\/\\\/29forward.com\\\/en?s={search_term_string}\"},\"query-input\":{\"@type\":\"PropertyValueSpecification\",\"valueRequired\":true,\"valueName\":\"search_term_string\"}}],\"inLanguage\":\"en-US\"}]}<\/script>\n<!-- \/ Yoast SEO plugin. -->","yoast_head_json":{"title":"Quick help thanks to 29FORWARD Contact form: Start now!","description":"Use our contact form for a personal consultation! Fast uncomplicated: Request and connect now!","robots":{"index":"index","follow":"follow","max-snippet":"max-snippet:-1","max-image-preview":"max-image-preview:large","max-video-preview":"max-video-preview:-1"},"canonical":"https:\/\/29forward.com\/en\/contact-form","og_locale":"en_US","og_type":"article","og_title":"Quick help thanks to 29FORWARD Contact form: Start now!","og_description":"Use our contact form for a personal consultation! Fast uncomplicated: Request and connect now!","og_url":"https:\/\/29forward.com\/en\/contact-form","og_site_name":"29FORWARD","article_modified_time":"2024-08-13T11:33:28+00:00","og_image":[{"width":619,"height":619,"url":"https:\/\/29forward.com\/wp-content\/uploads\/2024\/07\/29FORWARD-Kontaktformular-Beitragsbild-Vorschau.webp","type":"image\/webp"}],"twitter_card":"summary_large_image","schema":{"@context":"https:\/\/schema.org","@graph":[{"@type":"WebPage","@id":"https:\/\/29forward.com\/en\/contact-form","url":"https:\/\/29forward.com\/en\/contact-form","name":"Quick help thanks to 29FORWARD Contact form: Start now!","isPartOf":{"@id":"https:\/\/29forward.com\/en#website"},"primaryImageOfPage":{"@id":"https:\/\/29forward.com\/en\/contact-form#primaryimage"},"image":{"@id":"https:\/\/29forward.com\/en\/contact-form#primaryimage"},"thumbnailUrl":"https:\/\/29forward.com\/wp-content\/uploads\/2024\/07\/29FORWARD-Kontaktformular-Beitragsbild-Vorschau.webp","datePublished":"2023-11-14T09:03:45+00:00","dateModified":"2024-08-13T11:33:28+00:00","description":"Use our contact form for a personal consultation! Fast uncomplicated: Request and connect now!","breadcrumb":{"@id":"https:\/\/29forward.com\/en\/contact-form#breadcrumb"},"inLanguage":"en-US","potentialAction":[{"@type":"ReadAction","target":["https:\/\/29forward.com\/en\/contact-form"]}]},{"@type":"ImageObject","inLanguage":"en-US","@id":"https:\/\/29forward.com\/en\/contact-form#primaryimage","url":"https:\/\/29forward.com\/wp-content\/uploads\/2024\/07\/29FORWARD-Kontaktformular-Beitragsbild-Vorschau.webp","contentUrl":"https:\/\/29forward.com\/wp-content\/uploads\/2024\/07\/29FORWARD-Kontaktformular-Beitragsbild-Vorschau.webp","width":619,"height":619,"caption":"Foto von beiden Gesch\u00e4ftsf\u00fchrern Bj\u00f6rn Fries und Christian Renneke"},{"@type":"BreadcrumbList","@id":"https:\/\/29forward.com\/en\/contact-form#breadcrumb","itemListElement":[{"@type":"ListItem","position":1,"name":"Home","item":"https:\/\/29forward.com\/en\/homepage"},{"@type":"ListItem","position":2,"name":"Contact form"}]},{"@type":"WebSite","@id":"https:\/\/29forward.com\/en#website","url":"https:\/\/29forward.com\/en","name":"29FORWARD","description":"Analyse. Advice. Assist.","potentialAction":[{"@type":"SearchAction","target":{"@type":"EntryPoint","urlTemplate":"https:\/\/29forward.com\/en?s={search_term_string}"},"query-input":{"@type":"PropertyValueSpecification","valueRequired":true,"valueName":"search_term_string"}}],"inLanguage":"en-US"}]}},"_links":{"self":[{"href":"https:\/\/29forward.com\/en\/wp-json\/wp\/v2\/pages\/8964","targetHints":{"allow":["GET"]}}],"collection":[{"href":"https:\/\/29forward.com\/en\/wp-json\/wp\/v2\/pages"}],"about":[{"href":"https:\/\/29forward.com\/en\/wp-json\/wp\/v2\/types\/page"}],"author":[{"embeddable":true,"href":"https:\/\/29forward.com\/en\/wp-json\/wp\/v2\/users\/1"}],"replies":[{"embeddable":true,"href":"https:\/\/29forward.com\/en\/wp-json\/wp\/v2\/comments?post=8964"}],"version-history":[{"count":0,"href":"https:\/\/29forward.com\/en\/wp-json\/wp\/v2\/pages\/8964\/revisions"}],"wp:featuredmedia":[{"embeddable":true,"href":"https:\/\/29forward.com\/en\/wp-json\/wp\/v2\/media\/10023"}],"wp:attachment":[{"href":"https:\/\/29forward.com\/en\/wp-json\/wp\/v2\/media?parent=8964"}],"wp:term":[{"taxonomy":"post_tag","embeddable":true,"href":"https:\/\/29forward.com\/en\/wp-json\/wp\/v2\/tags?post=8964"}],"curies":[{"name":"wp","href":"https:\/\/api.w.org\/{rel}","templated":true}]}}